{"id":655,"date":"2023-01-27T12:20:03","date_gmt":"2023-01-27T12:20:03","guid":{"rendered":"https:\/\/www.alufactory.pl\/stolarka\/?page_id=655"},"modified":"2023-01-27T12:25:01","modified_gmt":"2023-01-27T12:25:01","slug":"certyfikaty","status":"publish","type":"page","link":"https:\/\/www.alufactory.pl\/stolarka\/certyfikaty\/","title":{"rendered":"CERTYFIKATY"},"content":{"rendered":"\t\t<div data-elementor-type=\"wp-page\" data-elementor-id=\"655\" class=\"elementor elementor-655\">\n\t\t\t\t\t\t<section class=\"elementor-section elementor-top-section elementor-element elementor-element-8e11ca7 elementor-section-boxed elementor-section-height-default elementor-section-height-default\" data-id=\"8e11ca7\" data-element_type=\"section\">\n\t\t\t\t\t\t<div class=\"elementor-container elementor-column-gap-default\">\n\t\t\t\t\t<div class=\"elementor-column elementor-col-100 elementor-top-column elementor-element elementor-element-2e5b729\" data-id=\"2e5b729\" data-element_type=\"column\">\n\t\t\t<div class=\"elementor-widget-wrap elementor-element-populated\">\n\t\t\t\t\t\t<div class=\"elementor-element elementor-element-b98b787 elementor-widget elementor-widget-heading\" data-id=\"b98b787\" data-element_type=\"widget\" data-widget_type=\"heading.default\">\n\t\t\t\t<div class=\"elementor-widget-container\">\n\t\t\t\t\t<h4 class=\"elementor-heading-title elementor-size-default\">Alufactory: Certyfikacja antyw\u0142amaniowa \u2013 mamy to!<\/h4>\t\t\t\t<\/div>\n\t\t\t\t<\/div>\n\t\t\t\t<div class=\"elementor-element elementor-element-681dfa3 elementor-widget elementor-widget-text-editor\" data-id=\"681dfa3\" data-element_type=\"widget\" data-widget_type=\"text-editor.default\">\n\t\t\t\t<div class=\"elementor-widget-container\">\n\t\t\t\t\t\t\t\t\t<p>Alufactory to producent stolarki aluminiowej: okien i drzwi.<\/p><p>Od teraz nie tylko niezawodne i najwy\u017cszej jako\u015bci ale i certyfikowane.<br \/>Firma otrzyma\u0142a Dobrowolne Certyfikaty Zgodno\u015bci z CTO SA.<\/p><p>Certyfikat okien:<br \/>Dotyczy okien sta\u0142ych i otwieranych o podwy\u017cszonej odporno\u015bci na w\u0142amanie systemu PONZIO PE68 o klasie RC2, w tym:<br \/>okna jednoskrzyd\u0142owe lub szklenia sta\u0142e;<br \/>okna dwuskrzyd\u0142owe<br \/>okna jednorz\u0119dowe, jedno i wieloskrzyd\u0142owe wraz z szkleniem sta\u0142ym;<br \/>okna dwu- i tr\u00f3jrz\u0119dowe, jedno i wieloskrzyd\u0142owe wraz z szkleniem sta\u0142ym, wykonywane jako:<br \/>okna sta\u0142e,<br \/>rozwierano-uchylne,<br \/>uchylne,<br \/>rozwierane<\/p><p>Certyfikat drzwi:<br \/>Obejmuje drzwi zewn\u0119trzne o podwy\u017cszonej odporno\u015bci na w\u0142amanie systemu PONZIO PE68 o klasie odporno\u015bci na w\u0142amanie RC2, w tym:<br \/>drzwi jednoskrzyd\u0142owe<br \/>drzwi dwuskrzyd\u0142owe<br \/>z na\u015bwietlami lub bez<br \/>otwierane do wn\u0119trza pomieszczenia<br \/>otwierane na zewn\u0105trz pomieszczenia<\/p><p>Wi\u0119cej o realizacjach firmy, ju\u017c wkr\u00f3tce.<\/p>\t\t\t\t\t\t\t\t<\/div>\n\t\t\t\t<\/div>\n\t\t\t\t<div class=\"elementor-element elementor-element-c819b0e elementor-widget elementor-widget-button\" data-id=\"c819b0e\" data-element_type=\"widget\" data-widget_type=\"button.default\">\n\t\t\t\t<div class=\"elementor-widget-container\">\n\t\t\t\t\t\t\t\t\t<div class=\"elementor-button-wrapper\">\n\t\t\t\t\t<a class=\"elementor-button elementor-button-link elementor-size-sm\" href=\"https:\/\/www.alufactory.pl\/stolarka\/wp-content\/uploads\/2023\/01\/Certyfikat-Nr-NC_D_121-1.pdf\">\n\t\t\t\t\t\t<span class=\"elementor-button-content-wrapper\">\n\t\t\t\t\t\t<span class=\"elementor-button-icon\">\n\t\t\t\t<i aria-hidden=\"true\" class=\"far fa-file-pdf\"><\/i>\t\t\t<\/span>\n\t\t\t\t\t\t\t\t\t<span class=\"elementor-button-text\">Certyfikat Nr NC D 121<\/span>\n\t\t\t\t\t<\/span>\n\t\t\t\t\t<\/a>\n\t\t\t\t<\/div>\n\t\t\t\t\t\t\t\t<\/div>\n\t\t\t\t<\/div>\n\t\t\t\t<div class=\"elementor-element elementor-element-c3a017b elementor-widget elementor-widget-button\" data-id=\"c3a017b\" data-element_type=\"widget\" data-widget_type=\"button.default\">\n\t\t\t\t<div class=\"elementor-widget-container\">\n\t\t\t\t\t\t\t\t\t<div class=\"elementor-button-wrapper\">\n\t\t\t\t\t<a class=\"elementor-button elementor-button-link elementor-size-sm\" href=\"https:\/\/www.alufactory.pl\/stolarka\/wp-content\/uploads\/2023\/01\/Certyfikat-Nr-NC_D_122.pdf\">\n\t\t\t\t\t\t<span class=\"elementor-button-content-wrapper\">\n\t\t\t\t\t\t<span class=\"elementor-button-icon\">\n\t\t\t\t<i aria-hidden=\"true\" class=\"far fa-file-pdf\"><\/i>\t\t\t<\/span>\n\t\t\t\t\t\t\t\t\t<span class=\"elementor-button-text\">Certyfikat Nr NC D 122<\/span>\n\t\t\t\t\t<\/span>\n\t\t\t\t\t<\/a>\n\t\t\t\t<\/div>\n\t\t\t\t\t\t\t\t<\/div>\n\t\t\t\t<\/div>\n\t\t\t\t\t<\/div>\n\t\t<\/div>\n\t\t\t\t\t<\/div>\n\t\t<\/section>\n\t\t\t\t<\/div>\n\t\t","protected":false},"excerpt":{"rendered":"<p>Alufactory: Certyfikacja antyw\u0142amaniowa \u2013 mamy to! Alufactory to producent stolarki aluminiowej: okien i drzwi. Od teraz nie tylko niezawodne i najwy\u017cszej jako\u015bci ale i certyfikowane.Firma otrzyma\u0142a Dobrowolne Certyfikaty Zgodno\u015bci z CTO SA. Certyfikat okien:Dotyczy okien sta\u0142ych i otwieranych o podwy\u017cszonej odporno\u015bci na w\u0142amanie systemu PONZIO PE68 o klasie RC2, w tym:okna jednoskrzyd\u0142owe lub szklenia sta\u0142e;okna dwuskrzyd\u0142oweokna jednorz\u0119dowe, jedno i wieloskrzyd\u0142owe wraz z szkleniem sta\u0142ym;okna dwu- i tr\u00f3jrz\u0119dowe, jedno i wieloskrzyd\u0142owe wraz z szkleniem sta\u0142ym, wykonywane jako:okna sta\u0142e,rozwierano-uchylne,uchylne,rozwierane Certyfikat drzwi:Obejmuje drzwi zewn\u0119trzne o podwy\u017cszonej odporno\u015bci na w\u0142amanie systemu PONZIO PE68 o klasie odporno\u015bci na w\u0142amanie RC2, w tym:drzwi jednoskrzyd\u0142owedrzwi dwuskrzyd\u0142owez na\u015bwietlami\u2026<\/p>\n","protected":false},"author":1,"featured_media":0,"parent":0,"menu_order":0,"comment_status":"closed","ping_status":"closed","template":"","meta":{"footnotes":""},"class_list":["post-655","page","type-page","status-publish","hentry"],"blocksy_meta":{"styles_descriptor":{"styles":{"desktop":"","tablet":"","mobile":""},"google_fonts":[],"version":5}},"_links":{"self":[{"href":"https:\/\/www.alufactory.pl\/stolarka\/wp-json\/wp\/v2\/pages\/655","targetHints":{"allow":["GET"]}}],"collection":[{"href":"https:\/\/www.alufactory.pl\/stolarka\/wp-json\/wp\/v2\/pages"}],"about":[{"href":"https:\/\/www.alufactory.pl\/stolarka\/wp-json\/wp\/v2\/types\/page"}],"author":[{"embeddable":true,"href":"https:\/\/www.alufactory.pl\/stolarka\/wp-json\/wp\/v2\/users\/1"}],"replies":[{"embeddable":true,"href":"https:\/\/www.alufactory.pl\/stolarka\/wp-json\/wp\/v2\/comments?post=655"}],"version-history":[{"count":10,"href":"https:\/\/www.alufactory.pl\/stolarka\/wp-json\/wp\/v2\/pages\/655\/revisions"}],"predecessor-version":[{"id":667,"href":"https:\/\/www.alufactory.pl\/stolarka\/wp-json\/wp\/v2\/pages\/655\/revisions\/667"}],"wp:attachment":[{"href":"https:\/\/www.alufactory.pl\/stolarka\/wp-json\/wp\/v2\/media?parent=655"}],"curies":[{"name":"wp","href":"https:\/\/api.w.org\/{rel}","templated":true}]}}