{"id":200,"date":"2021-11-29T12:56:37","date_gmt":"2021-11-29T12:56:37","guid":{"rendered":"https:\/\/www.alufactory.pl\/stolarka\/?post_type=product&#038;p=200"},"modified":"2022-01-10T11:46:33","modified_gmt":"2022-01-10T11:46:33","slug":"mb-45","status":"publish","type":"product","link":"https:\/\/www.alufactory.pl\/stolarka\/produkt\/mb-45\/","title":{"rendered":"MB-45"},"content":{"rendered":"<p>Szczelno\u015b\u0107 zapewniona jest dzi\u0119ki stosowaniu specjalnych uszczelek z kauczuku syntetycznego EPDM, kt\u00f3ry gwarantuje odporno\u015b\u0107 na starzenie podczas wieloletniej eksploatacji.<\/p>\n<p>Cech\u0105 charakterystyczn\u0105 systemu jest jego \u015bcis\u0142e powi\u0105zanie z systemami okienno-drzwiowymi\u00a0<a href=\"https:\/\/aluprof.eu\/producenci\/oferta\/systemy-okienno-drzwiowe\/mb-60-system-okienno-drzwiowy-z-izolacja-termiczna#rysunek-techniczny\">MB-60<\/a>\u00a0i\u00a0<a href=\"https:\/\/aluprof.eu\/producenci\/oferta\/systemy-okienno-drzwiowe\/mb-70-system-okienno-drzwiowy-z-izolacja-termiczna#wizualizacja\">MB-70<\/a>. Uniwersalno\u015b\u0107 i atrakcyjno\u015b\u0107 systemu dodatkowo zwi\u0119ksza mo\u017cliwo\u015b\u0107 dokonania wyboru pomi\u0119dzy kilkoma wariantami rozwi\u0105za\u0144, w przypadku r\u00f3\u017cnych szczeg\u00f3\u0142\u00f3w konstrukcyjnych, np. uszczelnienia dolnego skrzyde\u0142 drzwi, uszczelnie\u0144 drzwi przesuwanych i wahad\u0142owych, kszta\u0142tu listew przyszybowych, kszta\u0142tu i wysoko\u015bci prog\u00f3w drzwiowych.<\/p>\n<p>System pozwala na stosowanie zestaw\u00f3w szybowych grubo\u015bci od 2 mm do 35 mm w skrzyd\u0142ach okien oraz od 2 mm do 26 mm w oknach sta\u0142ych i skrzyd\u0142ach drzwi.<\/p>\n<p>System MB-45 jest tak\u017ce podstaw\u0105 do rozwi\u0105za\u0144 specjalnych: przegr\u00f3d i drzwi dymoszczelnych MB-45D (w klasie S30) oraz drzwi tzw. \u201ewr\u0119bowych\u201d\u00a0<a href=\"https:\/\/aluprof.eu\/producenci\/oferta\/systemy-okienno-drzwiowe\/mb-45s#wizualizacja\">MB-45S<\/a><\/p>\n<p>Na bazie systemu MB-45 mo\u017cna tak\u017ce budowa\u0107 drzwi dymoszczelne MB-45D w klasie S<sub>a<\/sub>, S<sub>200<\/sub>.<\/p>\n","protected":false},"excerpt":{"rendered":"<div class=\"headline headline--cert headline--cert-desktop padding--md-top-0\">\n<h2>SYSTEM OKIENNO-DRZWIOWY BEZ IZOLACJI TERMICZNEJ<\/h2>\n<\/div>\n<div class=\"col__parms\">\n<ul class=\"parms\">\n<li class=\"parms__element\">\n<div class=\"parms__content\">\n<div class=\"parms__title\">H do 2400 mm; L do 1250 mm<small><\/small><\/div>\n<div class=\"parms__title parms--small\">Max wymiary skrzyd\u0142a drzwi (H\u00d7L)<\/div>\n<\/div>\n<\/li>\n<li class=\"parms__element\">\n<div class=\"parms__content\">\n<div class=\"parms__title\">120-130 kg<small><\/small><\/div>\n<div class=\"parms__title parms--small\">Max ci\u0119\u017car skrzyd\u0142a (drzwi \/ okna)<\/div>\n<\/div>\n<\/li>\n<\/ul>\n<div class=\"clearfix\">\n<div class=\"block-text text--justify markdown text--size-20 text--xs-size-16\">\n<p>MB-45 jest nowoczesnym systemem aluminiowym, s\u0142u\u017c\u0105cym do wykonywania nie wymagaj\u0105cych izolacji termicznej element\u00f3w architektonicznej zabudowy wewn\u0119trznej i zewn\u0119trznej, np.: r\u00f3\u017cnych typ\u00f3w \u015bcianek dzia\u0142owych, okien, drzwi, w tym drzwi przesuwanych r\u0119cznie i automatycznie, drzwi wahad\u0142owych, wiatro\u0142ap\u00f3w, witryn, boks\u00f3w kasowych, gablot, konstrukcji przestrzennych.<\/p>\n<p>G\u0142\u0119boko\u015b\u0107 konstrukcyjna kszta\u0142townik\u00f3w okna wynosi: 45 mm (o\u015bcie\u017cnica), 54 mm (skrzyd\u0142o), a drzwi odpowiednio: 45 mm i 45 mm. Takie przyj\u0119te g\u0142\u0119boko\u015bci kszta\u0142townik\u00f3w skrzyd\u0142a i o\u015bcie\u017cnicy daj\u0105 efekt jednej p\u0142aszczyzny od strony zewn\u0119trznej po zamkni\u0119ciu &#8211; w przypadku okna i efekt zlicowanych powierzchni skrzyde\u0142 i o\u015bcie\u017cnicy &#8211; w przypadku drzwi. Kszta\u0142t profili pozwala uzyska\u0107 smuk\u0142e i wytrzyma\u0142e konstrukcje okien i drzwi.<\/p>\n<p>Istotnym walorem systemu MB-45 jest mo\u017cliwo\u015b\u0107 gi\u0119cia profili, m.in. o\u015bcie\u017cnic, skrzyde\u0142 i przewi\u0105zek, co umo\u017cliwia wykonanie r\u00f3\u017cnego rodzaju \u0142uk\u00f3w oraz konstrukcji \u0142ukowych.<\/p>\n<\/div>\n<\/div>\n<\/div>\n","protected":false},"featured_media":201,"template":"","meta":[],"product_brand":[],"product_cat":[19,17,40],"product_tag":[],"class_list":{"0":"post-200","1":"product","2":"type-product","3":"status-publish","4":"has-post-thumbnail","6":"product_cat-aluprof","7":"product_cat-systemy-okienno-drzwiowe","8":"product_cat-system-okienno-drzwiowy-bez-izolacji-termicznej","10":"first","11":"instock","12":"shipping-taxable","13":"product-type-simple"},"_links":{"self":[{"href":"https:\/\/www.alufactory.pl\/stolarka\/wp-json\/wp\/v2\/product\/200","targetHints":{"allow":["GET"]}}],"collection":[{"href":"https:\/\/www.alufactory.pl\/stolarka\/wp-json\/wp\/v2\/product"}],"about":[{"href":"https:\/\/www.alufactory.pl\/stolarka\/wp-json\/wp\/v2\/types\/product"}],"wp:featuredmedia":[{"embeddable":true,"href":"https:\/\/www.alufactory.pl\/stolarka\/wp-json\/wp\/v2\/media\/201"}],"wp:attachment":[{"href":"https:\/\/www.alufactory.pl\/stolarka\/wp-json\/wp\/v2\/media?parent=200"}],"wp:term":[{"taxonomy":"product_brand","embeddable":true,"href":"https:\/\/www.alufactory.pl\/stolarka\/wp-json\/wp\/v2\/product_brand?post=200"},{"taxonomy":"product_cat","embeddable":true,"href":"https:\/\/www.alufactory.pl\/stolarka\/wp-json\/wp\/v2\/product_cat?post=200"},{"taxonomy":"product_tag","embeddable":true,"href":"https:\/\/www.alufactory.pl\/stolarka\/wp-json\/wp\/v2\/product_tag?post=200"}],"curies":[{"name":"wp","href":"https:\/\/api.w.org\/{rel}","templated":true}]}}