{"id":216,"date":"2021-11-29T13:08:52","date_gmt":"2021-11-29T13:08:52","guid":{"rendered":"https:\/\/www.alufactory.pl\/stolarka\/?post_type=product&#038;p=216"},"modified":"2021-11-29T13:45:37","modified_gmt":"2021-11-29T13:45:37","slug":"mb-59-slide","status":"publish","type":"product","link":"https:\/\/www.alufactory.pl\/stolarka\/produkt\/mb-59-slide\/","title":{"rendered":"MB-59 SLIDE"},"content":{"rendered":"<div class=\"row products-images margin--top-50\">\n<div class=\"col col--grow col--centered block-text padding--15 padding--xs-left-0 padding--xs-right-0\">\n<div class=\"clearfix\">\n<div class=\"text--justify markdown text--size-20 text--xs-size-16\">\n<p>Drzwi przesuwne, szczeg\u00f3lnie o du\u017cych gabarytach, wizualnie \u201epowi\u0119kszaj\u0105\u201d powierzchni\u0119 mieszkaln\u0105 poprzez \u0142\u0105czenie jej z zewn\u0119trznym tarasem lub ogrodem. Kszta\u0142towniki systemu MB-59 Slide posiadaj\u0105 dwa r\u00f3\u017cni\u0105ce si\u0119 izolacj\u0105 termiczn\u0105 warianty konstrukcji: ST i HI. Zakres dost\u0119pnych profili obejmuje o\u015bcie\u017cnice dwu- oraz trzyszynowe. Szeroki zakres szklenia pozwala na montowanie zestaw\u00f3w jedno- lub dwukomorowych, w tym tak\u017ce akustycznych lub antyw\u0142amaniowych. Dzi\u0119ki swym w\u0142a\u015bciwo\u015bciom system ten mo\u017ce znajdowa\u0107 zastosowanie w r\u00f3\u017cnego typu budynkach, zar\u00f3wno indywidualnych, jak i hotelowych lub apartamentowych.<\/p>\n<p><strong>Cechy i zalety systemu MB-59 SLIDE<\/strong><\/p>\n<ul>\n<li>du\u017ce dopuszczalne gabaryty skrzyde\u0142 drzwi: wysoko\u015b\u0107 do 2,6 m, szeroko\u015b\u0107 do 1,8 m; maksymalny ci\u0119\u017car skrzyd\u0142a do 160 kg,<\/li>\n<li>smuk\u0142e i wytrzyma\u0142e kszta\u0142towniki o trzykomorowej konstrukcji, gdzie centraln\u0105 cz\u0119\u015b\u0107 stanowi komora izolacyjna z szerokimi przek\u0142adkami termicznymi,<\/li>\n<li>o\u015bcie\u017cnice 2- lub 3-szynowe, pozwalaj\u0105ce na wykonywanie drzwi o szerokim \u015bwietle przej\u015bcia,<\/li>\n<li>du\u017cy zakres grubo\u015bci szyb mo\u017cliwych do zamontowania w skrzyd\u0142ach drzwi (do 42 mm), co daje swobod\u0119 w doborze szk\u0142a o odpowiednich parametrach,<\/li>\n<li>mo\u017cliwo\u015b\u0107 monta\u017cu wi\u0119kszo\u015bci dost\u0119pnych na rynku oku\u0107 przesuwnych,<\/li>\n<li>mo\u017cliwo\u015b\u0107 monta\u017cu drzwi w zabudowie indywidualnej a tak\u017ce w wi\u0119kszych konstrukcjach: fasadach s\u0142upowo-ryglowych lub ogrodach zimowych,<\/li>\n<li>maksymalnie uproszczona technologia wykonania konstrukcji, skracaj\u0105ca czas i koszty wykonania drzwi,<\/li>\n<li>kompatybilno\u015b\u0107 z innymi systemami firmy Aluprof \u2013 mo\u017cliwo\u015b\u0107 stosowania wsp\u00f3lnych komponent\u00f3w.<\/li>\n<\/ul>\n<\/div>\n<\/div>\n<\/div>\n<\/div>\n<div class=\"accordion _--opened\">\n<div class=\"accordion__title\">\n<div class=\"headline\">\n<h2 class=\"hidden--xs\">PARAMETRY TECHNICZNE SYSTEMU:<\/h2>\n<\/div>\n<\/div>\n<div class=\"accordion__content\">\n<div class=\"row technical-details\">\n<div class=\"col col--left block-text padding--15 padding--right-50 padding--left-0 padding--xs-right-0 padding--sm-right-0 \">\n<ul>\n<li>Przepuszczalno\u015b\u0107 powietrza: klasa 3, PN-EN 12207:2001<\/li>\n<li>Wodoszczelno\u015b\u0107: klasa 6A, PN-EN 12208:2001<\/li>\n<li>Obci\u0105\u017cenie wiatrem: klasa C3, PN-EN 12210:2001<\/li>\n<li>Izolacyjno\u015b\u0107 termiczna: U<sub>f<\/sub>\u00a0od 1,9 W\/(m\u00b2K)<\/li>\n<\/ul>\n<\/div>\n<\/div>\n<\/div>\n<\/div>\n","protected":false},"excerpt":{"rendered":"<div class=\"headline headline--cert headline--cert-desktop padding--md-top-0\">\n<h2>SYSTEM DRZWI BALKONOWYCH PRZESUWNYCH<\/h2>\n<\/div>\n<div class=\"col__parms\">\n<ul class=\"parms\">\n<li class=\"parms__element\">\n<div class=\"parms__content\">\n<div class=\"parms__title\">klasa 3<small>PN-EN 12207<\/small><\/div>\n<div class=\"parms__title parms--small\">Przepuszczalno\u015b\u0107 powietrza<\/div>\n<\/div>\n<\/li>\n<li class=\"parms__element\">\n<div class=\"parms__content\">\n<div class=\"parms__title\">klasa 6A<small>PN-EN 12208:2001<\/small><\/div>\n<div class=\"parms__title parms--small\">Wodoszczelno\u015b\u0107<\/div>\n<\/div>\n<\/li>\n<li class=\"divider\">\n<div class=\"divider__left\"><\/div>\n<div class=\"divider__center\"><\/div>\n<div class=\"divider__right\"><\/div>\n<\/li>\n<li class=\"parms__element\">\n<div class=\"parms__content\">\n<div class=\"parms__title\">klasa C3<small>PN-EN 12210:2001<\/small><\/div>\n<div class=\"parms__title parms--small\">Obci\u0105\u017cenie wiatrem<\/div>\n<\/div>\n<\/li>\n<li class=\"parms__element\">\n<div class=\"parms__content\">\n<div class=\"parms__title\">&gt; 1,9<small>W\/(m<sup>2<\/sup>K)<\/small><\/div>\n<div class=\"parms__title parms--small\">Izolacyjno\u015b\u0107 termiczna U<sub>f<\/sub><\/div>\n<\/div>\n<\/li>\n<\/ul>\n<div class=\"clearfix\">\n<div class=\"block-text text--justify markdown text--size-20 text--xs-size-16\">\n<p>System MB-59 Slide przeznaczony jest do wykonywania drzwi przesuwnych z izolacj\u0105 termiczn\u0105, kt\u00f3re mo\u017cna wbudowywa\u0107 w \u015bciany murowane, fasady aluminiowe, ogrody zimowe lub zabudowy witrynowe.<\/p>\n<\/div>\n<\/div>\n<\/div>\n","protected":false},"featured_media":219,"template":"","meta":[],"product_brand":[],"product_cat":[19,17],"product_tag":[],"class_list":{"0":"post-216","1":"product","2":"type-product","3":"status-publish","4":"has-post-thumbnail","6":"product_cat-aluprof","7":"product_cat-systemy-okienno-drzwiowe","9":"first","10":"instock","11":"shipping-taxable","12":"product-type-simple"},"_links":{"self":[{"href":"https:\/\/www.alufactory.pl\/stolarka\/wp-json\/wp\/v2\/product\/216","targetHints":{"allow":["GET"]}}],"collection":[{"href":"https:\/\/www.alufactory.pl\/stolarka\/wp-json\/wp\/v2\/product"}],"about":[{"href":"https:\/\/www.alufactory.pl\/stolarka\/wp-json\/wp\/v2\/types\/product"}],"wp:featuredmedia":[{"embeddable":true,"href":"https:\/\/www.alufactory.pl\/stolarka\/wp-json\/wp\/v2\/media\/219"}],"wp:attachment":[{"href":"https:\/\/www.alufactory.pl\/stolarka\/wp-json\/wp\/v2\/media?parent=216"}],"wp:term":[{"taxonomy":"product_brand","embeddable":true,"href":"https:\/\/www.alufactory.pl\/stolarka\/wp-json\/wp\/v2\/product_brand?post=216"},{"taxonomy":"product_cat","embeddable":true,"href":"https:\/\/www.alufactory.pl\/stolarka\/wp-json\/wp\/v2\/product_cat?post=216"},{"taxonomy":"product_tag","embeddable":true,"href":"https:\/\/www.alufactory.pl\/stolarka\/wp-json\/wp\/v2\/product_tag?post=216"}],"curies":[{"name":"wp","href":"https:\/\/api.w.org\/{rel}","templated":true}]}}