{"id":224,"date":"2021-11-29T13:13:25","date_gmt":"2021-11-29T13:13:25","guid":{"rendered":"https:\/\/www.alufactory.pl\/stolarka\/?post_type=product&#038;p=224"},"modified":"2022-01-10T12:12:54","modified_gmt":"2022-01-10T12:12:54","slug":"mb-70","status":"publish","type":"product","link":"https:\/\/www.alufactory.pl\/stolarka\/produkt\/mb-70\/","title":{"rendered":"MB-70"},"content":{"rendered":"<p>Profile systemu maj\u0105 budow\u0119 tr\u00f3jkomorow\u0105. G\u0142\u0119boko\u015b\u0107 konstrukcyjna kszta\u0142townik\u00f3w okna wynosi: 70 mm (o\u015bcie\u017cnica), 79 mm (skrzyd\u0142o), a drzwi odpowiednio: 70 mm i 70 mm. Takie przyj\u0119te g\u0142\u0119boko\u015bci kszta\u0142townik\u00f3w skrzyd\u0142a i o\u015bcie\u017cnicy daj\u0105 efekt jednej p\u0142aszczyzny od strony zewn\u0119trznej po zamkni\u0119ciu &#8211; w przypadku okna i efekt zlicowanych powierzchni skrzyde\u0142 i o\u015bcie\u017cnicy &#8211; w przypadku drzwi. Kszta\u0142t profili pozwala uzyska\u0107 smuk\u0142e i wytrzyma\u0142e konstrukcje okien i drzwi.<\/p>\n<p>System MB-70 charakteryzuje si\u0119 rewelacyjnie nisk\u0105 warto\u015bci\u0105 wsp\u00f3\u0142czynnika przenikania ciep\u0142a U dzi\u0119ki zastosowaniu specjalnych przek\u0142adek termicznych i uszczelek. Ma to du\u017ce znaczenie w dobie rosn\u0105cych wymaga\u0144 w zakresie gospodarowania energi\u0105 i ochrony \u015brodowiska. Wsp\u00f3\u0142czynnik U<sub>f<\/sub>\u00a0dla konstrukcji systemu MB-70 w zale\u017cno\u015bci u\u017cytych profili i akcesori\u00f3w wynosi od 1,5 do 2,39 W\/(m<sup>2<\/sup>K). W systemie zastosowano profilowane przek\u0142adki termiczne w kszta\u0142cie omegi o szeroko\u015bci 34 (okna) i 24 (drzwi) mm z poliamidu wzmocnionego w\u0142\u00f3knem szklanym. Oferowany kszta\u0142t przek\u0142adek zwi\u0119ksza sztywno\u015b\u0107 profili w stosunku do przek\u0142adek p\u0142askich oraz u\u0142atwia odwodnienie kszta\u0142townik\u00f3w zapewniaj\u0105c tym samym w\u0142a\u015bciw\u0105 izolacj\u0119 termiczn\u0105 w ka\u017cdych warunkach atmosferycznych. Przek\u0142adki termiczne stosowane w oknach posiadaj\u0105 dodatkowo uszczelnienie na styku kszta\u0142townika i przek\u0142adki oraz wyst\u0119py dziel\u0105ce komor\u0119 pomi\u0119dzy kszta\u0142townikami aluminiowymi wewn\u0119trznym i zewn\u0119trznym na trzy cz\u0119\u015bci. Szczelno\u015b\u0107 zapewniona jest dzi\u0119ki stosowaniu specjalnych uszczelek z dwukomponentowego kauczuku syntetycznego EPDM: litego i kom\u00f3rkowego, kt\u00f3ry gwarantuje odporno\u015b\u0107 na starzenie podczas wieloletniej eksploatacji oraz bardzo dobr\u0105 izolacyjno\u015b\u0107 termiczn\u0105. MB-70 jest pierwszym systemem, w kt\u00f3rym do wykonania uszczelki centralnej wykorzystano ten rodzaj materia\u0142u.<\/p>\n<p>System pozwala na stosowanie zestaw\u00f3w szybowych grubo\u015bci od 21 mm do 57 mm w skrzyd\u0142ach okien oraz od 12 mm do 48 mm w oknach sta\u0142ych i skrzyd\u0142ach drzwi. Tak szeroki zakres grubo\u015bci wype\u0142nie\u0144 gwarantuje mo\u017cliwo\u015b\u0107 stosowania wszystkich typowych i niestandardowych szyb.<\/p>\n<p>Du\u017cy wyb\u00f3r kolor\u00f3w w palecie standardowej umo\u017cliwia zaspokojenie potrzeb najbardziej wymagaj\u0105cych klient\u00f3w. Pow\u0142oki kolorystyczne wykonywane s\u0105 metod\u0105 lakierowania proszkowego lub anodowania.<\/p>\n<p>System MB-70 jest podstaw\u0105 rozwi\u0105za\u0144 o podwy\u017cszonej izolacyjno\u015bci termicznej:\u00a0<a href=\"https:\/\/aluprof.eu\/producenci\/oferta\/systemy-okienno-drzwiowe\/mb-70hi-system-okienno-drzwiowy-o-podwyzszonej-izolacji-termicznej#wizualizacja\">MB-70 HI<\/a>,\u00a0<a href=\"https:\/\/aluprof.eu\/producenci\/oferta\/systemy-okienno-drzwiowe\/mb-70us-mb-70us-hi-system-okien-z-ukrytym-skrzydlem-z-izolacja-termiczna\">MB-70US HI<\/a>\u00a0oraz fasady zimno-ciep\u0142ej na bazie okien MB-70CW HI.<\/p>\n<p>System ten umo\u017cliwia r\u00f3wnie\u017c budow\u0119 konstrukcji okien i drzwi antyw\u0142amaniowych w klasach: RC1 &#8211; RC3 oraz okien MB-70RC4 o najwy\u017cszej odporno\u015bci na w\u0142amanie w klasie RC4<\/p>\n","protected":false},"excerpt":{"rendered":"<div class=\"headline headline--cert headline--cert-desktop padding--md-top-0\">\n<h2>SYSTEM OKIENNO &#8211; DRZWIOWY Z IZOLACJ\u0104 TERMICZN\u0104<\/h2>\n<\/div>\n<div class=\"col__parms\">\n<ul class=\"parms\">\n<li class=\"parms__element\">\n<div class=\"parms__content\">\n<div class=\"parms__title\">&gt; 1,5<small>W\/(m<sup>2<\/sup>K)<\/small><\/div>\n<div class=\"parms__title parms--small\">Izolacyjno\u015b\u0107 termiczna U<sub>f<\/sub><\/div>\n<\/div>\n<\/li>\n<li class=\"parms__element\">\n<div class=\"parms__content\">\n<div class=\"parms__title\">klasa 4<small><\/small><\/div>\n<div class=\"parms__title parms--small\">Przepuszczalno\u015b\u0107 powietrza<\/div>\n<\/div>\n<\/li>\n<li class=\"divider\">\n<div class=\"divider__left\"><\/div>\n<div class=\"divider__center\"><\/div>\n<div class=\"divider__right\"><\/div>\n<\/li>\n<li class=\"parms__element\">\n<div class=\"parms__content\">\n<div class=\"parms__title\">klasa E1200<small><\/small><\/div>\n<div class=\"parms__title parms--small\">Wodoszczelno\u015b\u0107<\/div>\n<\/div>\n<\/li>\n<li class=\"parms__element\">\n<div class=\"parms__content\">\n<div class=\"parms__title\">klasa C5<small><\/small><\/div>\n<div class=\"parms__title parms--small\">Odporno\u015b\u0107 na obci\u0105\u017cenie wiatrem<\/div>\n<\/div>\n<\/li>\n<\/ul>\n<div class=\"clearfix\">\n<div class=\"block-text text--justify markdown text--size-20 text--xs-size-16\">\n<p>MB-70 jest nowoczesnym systemem aluminiowym, s\u0142u\u017c\u0105cym do wykonywania wymagaj\u0105cych izolacji termicznej i akustycznej element\u00f3w architektonicznej zabudowy zewn\u0119trznej, np.: r\u00f3\u017cnych typ\u00f3w okien, drzwi, wiatro\u0142ap\u00f3w, witryn, konstrukcji przestrzennych.<\/p>\n<\/div>\n<\/div>\n<\/div>\n","protected":false},"featured_media":227,"template":"","meta":[],"product_brand":[],"product_cat":[19,30,25,17],"product_tag":[],"class_list":{"0":"post-224","1":"product","2":"type-product","3":"status-publish","4":"has-post-thumbnail","6":"product_cat-aluprof","7":"product_cat-drzwi-panelowe","8":"product_cat-drzwi-zewnetrzne","9":"product_cat-systemy-okienno-drzwiowe","11":"first","12":"instock","13":"shipping-taxable","14":"product-type-simple"},"_links":{"self":[{"href":"https:\/\/www.alufactory.pl\/stolarka\/wp-json\/wp\/v2\/product\/224","targetHints":{"allow":["GET"]}}],"collection":[{"href":"https:\/\/www.alufactory.pl\/stolarka\/wp-json\/wp\/v2\/product"}],"about":[{"href":"https:\/\/www.alufactory.pl\/stolarka\/wp-json\/wp\/v2\/types\/product"}],"wp:featuredmedia":[{"embeddable":true,"href":"https:\/\/www.alufactory.pl\/stolarka\/wp-json\/wp\/v2\/media\/227"}],"wp:attachment":[{"href":"https:\/\/www.alufactory.pl\/stolarka\/wp-json\/wp\/v2\/media?parent=224"}],"wp:term":[{"taxonomy":"product_brand","embeddable":true,"href":"https:\/\/www.alufactory.pl\/stolarka\/wp-json\/wp\/v2\/product_brand?post=224"},{"taxonomy":"product_cat","embeddable":true,"href":"https:\/\/www.alufactory.pl\/stolarka\/wp-json\/wp\/v2\/product_cat?post=224"},{"taxonomy":"product_tag","embeddable":true,"href":"https:\/\/www.alufactory.pl\/stolarka\/wp-json\/wp\/v2\/product_tag?post=224"}],"curies":[{"name":"wp","href":"https:\/\/api.w.org\/{rel}","templated":true}]}}