{"id":228,"date":"2021-11-29T13:15:15","date_gmt":"2021-11-29T13:15:15","guid":{"rendered":"https:\/\/www.alufactory.pl\/stolarka\/?post_type=product&#038;p=228"},"modified":"2021-11-29T13:46:09","modified_gmt":"2021-11-29T13:46:09","slug":"mb-70hi","status":"publish","type":"product","link":"https:\/\/www.alufactory.pl\/stolarka\/produkt\/mb-70hi\/","title":{"rendered":"MB-70HI"},"content":{"rendered":"<p>Izolacyjno\u015b\u0107 termiczna ram tych system\u00f3w jest znacznie wi\u0119ksza ni\u017c izolacyjno\u015b\u0107 ram system\u00f3w bazowych. Dla konstrukcji systemu MB-70HI wsp\u00f3\u0142czynnik U<sub>f<\/sub>\u00a0w zale\u017cno\u015bci u\u017cytych profili i akcesori\u00f3w wynosi od 1,0 do 2,3 W\/(m<sup>2<\/sup>K).<\/p>\n<p>Podwy\u017cszenie izolacji termicznej uzyskuje si\u0119 poprzez umieszczenie w centralnej, izolacyjnej komorze, powsta\u0142ej przez po\u0142\u0105czenie przek\u0142adkami termicznymi profili aluminiowych, specjalnych wk\u0142ad\u00f3w izolacyjnych. Wk\u0142ady te dzi\u0119ki niskiej warto\u015bci wsp\u00f3\u0142czynnika przewodzenia ciep\u0142a obni\u017caj\u0105 przep\u0142yw ciep\u0142a przez t\u0105 komor\u0119. Centralne po\u0142o\u017cenie wk\u0142ad\u00f3w ogranicza r\u00f3wnie\u017c konwekcj\u0119 i promieniowanie termiczne.<\/p>\n<p>Okna i drzwi systemu MB-70HI podobnie jak w przypadku systemu bazowego mog\u0105 by\u0107 wykorzystywane zar\u00f3wno w zabudowie indywidualnej, jak i w fasadach aluminiowych, w przypadkach zastosowania jako wype\u0142nienie \u015bciany s\u0142upowo-ryglowej najw\u0142a\u015bciwsze jest po\u0142\u0105czenie z systemem o podwy\u017cszonej izolacyjno\u015bci termicznej\u00a0<a href=\"https:\/\/aluprof.eu\/producenci\/oferta\/systemy-fasadowe\/mb-sr50n-hi-sciana-slupowo-ryglowa-o-wysokiej-izolacyjnosci-termicznej#wizualizacja\">MB-SR50N HI+<\/a>.<\/p>\n","protected":false},"excerpt":{"rendered":"<div class=\"headline headline--cert headline--cert-desktop padding--md-top-0\">\n<h2>SYSTEM OKIENNO-DRZWIOWY O PODWY\u017bSZONEJ IZOLACYJNO\u015aCI TERMICZNEJ<\/h2>\n<\/div>\n<div class=\"col__parms\">\n<ul class=\"parms\">\n<li class=\"parms__element\">\n<div class=\"parms__content\">\n<div class=\"parms__title\">&gt; 1,0<small>W\/(m<sup>2<\/sup>K)<\/small><\/div>\n<div class=\"parms__title parms--small\">Izolacyjno\u015b\u0107 termiczna U<sub>f<\/sub><\/div>\n<\/div>\n<\/li>\n<li class=\"parms__element\">\n<div class=\"parms__content\">\n<div class=\"parms__title\">klasa 4<small><\/small><\/div>\n<div class=\"parms__title parms--small\">Przepuszczalno\u015b\u0107 powietrza<\/div>\n<\/div>\n<\/li>\n<li class=\"divider\">\n<div class=\"divider__left\"><\/div>\n<div class=\"divider__center\"><\/div>\n<div class=\"divider__right\"><\/div>\n<\/li>\n<li class=\"parms__element\">\n<div class=\"parms__content\">\n<div class=\"parms__title\">&lt; klasy E1200<small><\/small><\/div>\n<div class=\"parms__title parms--small\">Wodoszczelno\u015b\u0107<\/div>\n<\/div>\n<\/li>\n<li class=\"parms__element\">\n<div class=\"parms__content\">\n<div class=\"parms__title\">&lt; klasy C5<small><\/small><\/div>\n<div class=\"parms__title parms--small\">Odporno\u015b\u0107 na obci\u0105\u017cenie wiatrem<\/div>\n<\/div>\n<\/li>\n<\/ul>\n<div class=\"clearfix\">\n<div class=\"block-text text--justify markdown text--size-20 text--xs-size-16\">\n<p>W odpowiedzi na stale rosn\u0105ce zapotrzebowanie na wyroby budowlane o wysokiej izolacyjno\u015bci termicznej opracowane zosta\u0142y systemy okienno-drzwiowe z przegrod\u0105 termiczn\u0105 MB-70HI,\u00a0MB-70US HI\u00a0oraz \u015bciana os\u0142onowa na bazie okien MB-70CW HI. Ich konstrukcja jest oparta na sprawdzonych, rozbudowanych i cenionych systemach bazowych\u00a0MB-70,\u00a0MB-70US\u00a0i\u00a0MB-70CW.<\/p>\n<\/div>\n<\/div>\n<\/div>\n","protected":false},"featured_media":229,"template":"","meta":[],"product_brand":[],"product_cat":[19,17],"product_tag":[],"class_list":{"0":"post-228","1":"product","2":"type-product","3":"status-publish","4":"has-post-thumbnail","6":"product_cat-aluprof","7":"product_cat-systemy-okienno-drzwiowe","9":"first","10":"instock","11":"shipping-taxable","12":"product-type-simple"},"_links":{"self":[{"href":"https:\/\/www.alufactory.pl\/stolarka\/wp-json\/wp\/v2\/product\/228","targetHints":{"allow":["GET"]}}],"collection":[{"href":"https:\/\/www.alufactory.pl\/stolarka\/wp-json\/wp\/v2\/product"}],"about":[{"href":"https:\/\/www.alufactory.pl\/stolarka\/wp-json\/wp\/v2\/types\/product"}],"wp:featuredmedia":[{"embeddable":true,"href":"https:\/\/www.alufactory.pl\/stolarka\/wp-json\/wp\/v2\/media\/229"}],"wp:attachment":[{"href":"https:\/\/www.alufactory.pl\/stolarka\/wp-json\/wp\/v2\/media?parent=228"}],"wp:term":[{"taxonomy":"product_brand","embeddable":true,"href":"https:\/\/www.alufactory.pl\/stolarka\/wp-json\/wp\/v2\/product_brand?post=228"},{"taxonomy":"product_cat","embeddable":true,"href":"https:\/\/www.alufactory.pl\/stolarka\/wp-json\/wp\/v2\/product_cat?post=228"},{"taxonomy":"product_tag","embeddable":true,"href":"https:\/\/www.alufactory.pl\/stolarka\/wp-json\/wp\/v2\/product_tag?post=228"}],"curies":[{"name":"wp","href":"https:\/\/api.w.org\/{rel}","templated":true}]}}