{"id":435,"date":"2021-12-19T12:21:26","date_gmt":"2021-12-19T12:21:26","guid":{"rendered":"https:\/\/www.alufactory.pl\/stolarka\/?post_type=product&#038;p=435"},"modified":"2022-01-10T12:15:47","modified_gmt":"2022-01-10T12:15:47","slug":"mb-60e-mb-60e-hi","status":"publish","type":"product","link":"https:\/\/www.alufactory.pl\/stolarka\/produkt\/mb-60e-mb-60e-hi\/","title":{"rendered":"MB-60E, MB-60E HI"},"content":{"rendered":"<p>MB-60E jest cz\u0119\u015bci\u0105 popularnego i cenionego systemu okienno-drzwiowego MB-60, cech\u0105 charakterystyczn\u0105 tego rozwi\u0105zania jest jego \u015bcis\u0142e powi\u0105zanie r\u00f3wnie\u017c z innymi systemami okienno-drzwiowymi firmy ALUPROF S.A. co pozwala na korzystanie ze wsp\u00f3lnych akcesori\u00f3w i listew do szklenia. Kszta\u0142towniki o budowie 3-komorowej maj\u0105 g\u0142\u0119boko\u015b\u0107 konstrukcyjn\u0105 60 mm. Powierzchnie skrzyde\u0142 drzwi s\u0105 zlicowane z o\u015bcie\u017cnic\u0105 zar\u00f3wno w widoku od strony zewn\u0119trznej jak i wewn\u0119trznej. Zestawy szybowe i inne wype\u0142nienia stosowane w systemie MB-60E mog\u0105 mie\u0107 grubo\u015b\u0107 od 5 mm do 41 mm, ich mocowanie za pomoc\u0105 uszczelek z tzw. precuting\u2019iem eliminuje do minimum liczb\u0119 ci\u0119\u0107 i zapewnia uzyskanie wysokiej szczelno\u015bci.<\/p>\n<p>System pozwala na stosowanie typowych wg standard\u00f3w europejskich oku\u0107, zamk\u00f3w, zawias\u00f3w. Dzi\u0119ki odpowiedniej konstrukcji profili mo\u017cliwe jest w nich stosowanie zamk\u00f3w i rygli nawierzchniowych \u2013 szybkich zar\u00f3wno w monta\u017cu, jak w ewentualnej wymianie. Mamy tak\u017ce do dyspozycji wiele wariant\u00f3w prog\u00f3w oraz poprzeczek dolnych skrzyde\u0142 drzwi. Mimo przyj\u0119tego za\u0142o\u017cenia, \u017ce MB-60E jest produktem ekonomicznym, jego izolacyjno\u015b\u0107 termiczna nie ust\u0119puje bazowemu systemowi MB-60. Istotnym walorem nowego produktu jest r\u00f3wnie\u017c mo\u017cliwo\u015b\u0107 gi\u0119cia profili, co pozwala wykona\u0107 r\u00f3\u017cnego rodzaju \u0142uki oraz konstrukcje \u0142ukowe.<\/p>\n<p>Witryny systemu MB-60E mog\u0105 by\u0107 wykonane w wersji o podwy\u017cszonej izolacyjno\u015bci termicznej MB-60E HI. Wzrost izolacji termicznej uzyskany jest dzi\u0119ki umieszczeniu w centralnych komorach profili aluminiowych o\u015bcie\u017cnic i przewi\u0105zek specjalnych wk\u0142ad\u00f3w, kt\u00f3re dzi\u0119ki niskiej warto\u015bci wsp\u00f3\u0142czynnika przewodzenia ciep\u0142a obni\u017caj\u0105 przep\u0142yw ciep\u0142a przez konstrukcj\u0119, ograniczaj\u0105c w nich jednocze\u015bnie konwekcj\u0119 i promieniowanie termiczne.<\/p>\n","protected":false},"excerpt":{"rendered":"<div class=\"headline headline--cert headline--cert-desktop padding--md-top-0\">\n<h2>SYSTEM DRZWI EKONOMICZNYCH IZOLOWANYCH TERMICZNIE<\/h2>\n<\/div>\n<div class=\"col__parms\">\n<ul class=\"parms\">\n<li class=\"parms__element\">\n<div class=\"parms__content\">\n<div class=\"parms__title\">klasa 3<small><\/small><\/div>\n<div class=\"parms__title parms--small\">Przepuszczalno\u015b\u0107 powietrza<\/div>\n<\/div>\n<\/li>\n<li class=\"parms__element\">\n<div class=\"parms__content\">\n<div class=\"parms__title\">klasa E1200<small><\/small><\/div>\n<div class=\"parms__title parms--small\">Wodoszczelno\u015b\u0107<\/div>\n<\/div>\n<\/li>\n<li class=\"divider\">\n<div class=\"divider__left\"><\/div>\n<div class=\"divider__center\"><\/div>\n<div class=\"divider__right\"><\/div>\n<\/li>\n<li class=\"parms__element\">\n<div class=\"parms__content\">\n<div class=\"parms__title\">klasa C1<small><\/small><\/div>\n<div class=\"parms__title parms--small\">Odporno\u015b\u0107 na obci\u0105\u017cenie wiatrem<\/div>\n<\/div>\n<\/li>\n<li class=\"parms__element\">\n<div class=\"parms__content\">\n<div class=\"parms__title\">klasa 3<small><\/small><\/div>\n<div class=\"parms__title parms--small\">Odporno\u015b\u0107 na uderzenie<\/div>\n<\/div>\n<\/li>\n<\/ul>\n<div class=\"clearfix\">\n<div class=\"block-text text--justify markdown text--size-20 text--xs-size-16\">\n<p>System MB-60E s\u0142u\u017cy zar\u00f3wno do wykonywania drzwi z przegrod\u0105 termiczn\u0105 jak i zestaw\u00f3w okiennych z drzwiami. Umo\u017cliwia uzyskanie konstrukcji o dobrych w\u0142asno\u015bciach u\u017cytkowych i wysokich parametrach technicznych, zapewniaj\u0105c jednocze\u015bnie ekonomiczny poziom koszt\u00f3w produkcji oraz wygod\u0119 i skr\u00f3cenie czasu monta\u017cu drzwi, co jest bardzo istotne w dobie szukania oszcz\u0119dno\u015bci na ka\u017cdym etapie realizacji inwestycji.<\/p>\n<\/div>\n<\/div>\n<\/div>\n","protected":false},"featured_media":436,"template":"","meta":[],"product_brand":[],"product_cat":[19,17,42],"product_tag":[],"class_list":{"0":"post-435","1":"product","2":"type-product","3":"status-publish","4":"has-post-thumbnail","6":"product_cat-aluprof","7":"product_cat-systemy-okienno-drzwiowe","8":"product_cat-system-drzwi-ekonomicznych-izolowanych-termicznie","10":"first","11":"instock","12":"shipping-taxable","13":"product-type-simple"},"_links":{"self":[{"href":"https:\/\/www.alufactory.pl\/stolarka\/wp-json\/wp\/v2\/product\/435","targetHints":{"allow":["GET"]}}],"collection":[{"href":"https:\/\/www.alufactory.pl\/stolarka\/wp-json\/wp\/v2\/product"}],"about":[{"href":"https:\/\/www.alufactory.pl\/stolarka\/wp-json\/wp\/v2\/types\/product"}],"wp:featuredmedia":[{"embeddable":true,"href":"https:\/\/www.alufactory.pl\/stolarka\/wp-json\/wp\/v2\/media\/436"}],"wp:attachment":[{"href":"https:\/\/www.alufactory.pl\/stolarka\/wp-json\/wp\/v2\/media?parent=435"}],"wp:term":[{"taxonomy":"product_brand","embeddable":true,"href":"https:\/\/www.alufactory.pl\/stolarka\/wp-json\/wp\/v2\/product_brand?post=435"},{"taxonomy":"product_cat","embeddable":true,"href":"https:\/\/www.alufactory.pl\/stolarka\/wp-json\/wp\/v2\/product_cat?post=435"},{"taxonomy":"product_tag","embeddable":true,"href":"https:\/\/www.alufactory.pl\/stolarka\/wp-json\/wp\/v2\/product_tag?post=435"}],"curies":[{"name":"wp","href":"https:\/\/api.w.org\/{rel}","templated":true}]}}