{"id":439,"date":"2021-12-19T12:25:40","date_gmt":"2021-12-19T12:25:40","guid":{"rendered":"https:\/\/www.alufactory.pl\/stolarka\/?post_type=product&#038;p=439"},"modified":"2021-12-19T12:25:40","modified_gmt":"2021-12-19T12:25:40","slug":"mb-45-d","status":"publish","type":"product","link":"https:\/\/www.alufactory.pl\/stolarka\/produkt\/mb-45-d\/","title":{"rendered":"MB-45 D"},"content":{"rendered":"<p>Jego konstrukcja oparta jest na bazie podstawowego systemu przegr\u00f3d wewn\u0119trznych MB-45. Spe\u0142nienie funkcji dymoszczelno\u015bci drzwi g\u0142\u00f3wnie uwarunkowane jest w\u0142a\u015bciwym rozwi\u0105zaniem uszczelnie\u0144 obwodowych skrzyde\u0142 i osadzenia w nich przeszkle\u0144 i innych wype\u0142nie\u0144 oraz rozwi\u0105zaniem uszczelnie\u0144 progowych.<\/p>\n","protected":false},"excerpt":{"rendered":"<div class=\"headline headline--cert headline--cert-desktop padding--md-top-0\">\n<h2>SYSTEM DRZWI DYMOSZCZELNYCH<\/h2>\n<\/div>\n<div class=\"col__parms\">\n<ul class=\"parms\">\n<li class=\"parms__element\">\n<div class=\"parms__content\">\n<div class=\"parms__title\">H do 2400 mm; L do 1250 mm<small><\/small><\/div>\n<div class=\"parms__title parms--small\">Max wymiary skrzyd\u0142a drzwi (H\u00d7L)<\/div>\n<\/div>\n<\/li>\n<li class=\"parms__element\">\n<div class=\"parms__content\">\n<div class=\"parms__title\">120-130 kg<small><\/small><\/div>\n<div class=\"parms__title parms--small\">Max ci\u0119\u017car skrzyd\u0142a (drzwi \/ okna)<\/div>\n<\/div>\n<\/li>\n<li class=\"divider\">\n<div class=\"divider__left\"><\/div>\n<div class=\"divider__center\"><\/div>\n<div class=\"divider__right\"><\/div>\n<\/li>\n<li class=\"parms__element\">\n<div class=\"parms__content\">\n<div class=\"parms__title\">S<sub>200<\/sub>, S<sub>a<small><\/small><\/sub><\/div>\n<div class=\"parms__title parms--small\">klasy dymoszczelno\u015bci<\/div>\n<\/div>\n<\/li>\n<\/ul>\n<div class=\"clearfix\">\n<div class=\"block-text text--justify markdown text--size-20 text--xs-size-16\">\n<p>System MB-45D s\u0142u\u017cy do wykonywania \u015bcianek dzia\u0142owych z drzwiami jedno- i dwuskrzyd\u0142owymi dymoszczelnymi w klasie S<sub>a<\/sub>\u00a0, S<sub>200<\/sub>\u00a0PN-EN 13501-2:2016.<\/p>\n<\/div>\n<\/div>\n<\/div>\n","protected":false},"featured_media":442,"template":"","meta":[],"product_brand":[],"product_cat":[19,17],"product_tag":[],"class_list":{"0":"post-439","1":"product","2":"type-product","3":"status-publish","4":"has-post-thumbnail","6":"product_cat-aluprof","7":"product_cat-systemy-okienno-drzwiowe","9":"first","10":"instock","11":"shipping-taxable","12":"product-type-simple"},"_links":{"self":[{"href":"https:\/\/www.alufactory.pl\/stolarka\/wp-json\/wp\/v2\/product\/439","targetHints":{"allow":["GET"]}}],"collection":[{"href":"https:\/\/www.alufactory.pl\/stolarka\/wp-json\/wp\/v2\/product"}],"about":[{"href":"https:\/\/www.alufactory.pl\/stolarka\/wp-json\/wp\/v2\/types\/product"}],"wp:featuredmedia":[{"embeddable":true,"href":"https:\/\/www.alufactory.pl\/stolarka\/wp-json\/wp\/v2\/media\/442"}],"wp:attachment":[{"href":"https:\/\/www.alufactory.pl\/stolarka\/wp-json\/wp\/v2\/media?parent=439"}],"wp:term":[{"taxonomy":"product_brand","embeddable":true,"href":"https:\/\/www.alufactory.pl\/stolarka\/wp-json\/wp\/v2\/product_brand?post=439"},{"taxonomy":"product_cat","embeddable":true,"href":"https:\/\/www.alufactory.pl\/stolarka\/wp-json\/wp\/v2\/product_cat?post=439"},{"taxonomy":"product_tag","embeddable":true,"href":"https:\/\/www.alufactory.pl\/stolarka\/wp-json\/wp\/v2\/product_tag?post=439"}],"curies":[{"name":"wp","href":"https:\/\/api.w.org\/{rel}","templated":true}]}}