{"id":443,"date":"2021-12-19T12:28:54","date_gmt":"2021-12-19T12:28:54","guid":{"rendered":"https:\/\/www.alufactory.pl\/stolarka\/?post_type=product&#038;p=443"},"modified":"2021-12-19T12:28:54","modified_gmt":"2021-12-19T12:28:54","slug":"mb-skyline-type-r","status":"publish","type":"product","link":"https:\/\/www.alufactory.pl\/stolarka\/produkt\/mb-skyline-type-r\/","title":{"rendered":"MB-SKYLINE TYPE R"},"content":{"rendered":"<p>G\u0142\u00f3wnymi cechami charakterystycznymi drzwi MB-SKYLINE TYPE R, u\u017cytkownik mo\u017ce doceni\u0107 ju\u017c na pierwszy rzut oka s\u0105: ca\u0142kowicie ukryte profile skrzyd\u0142a drzwi, w\u0105ski s\u0142upek oraz p\u0142ytka o\u015bcie\u017cnica. Do przesuwania ogromnych element\u00f3w nie potrzeba du\u017cej si\u0142y, a mechanizm dzia\u0142a niemal bezszelestnie. Maksymalna wysoko\u015b\u0107 konstrukcji to a\u017c 4 metry, a je\u015bli zastosujemy si\u0142ownik nawierzchniowy, to skrzyd\u0142o ruchome mo\u017ce wa\u017cy\u0107 nawet 700 kg. Daje to mo\u017cliwo\u015b\u0107 projektowania spektakularnych, szklanych \u015bcian. Wykonane na bazie tego systemu drzwi nadaj\u0105 budynkowi wyj\u0105tkowego stylu i podnosz\u0105 rang\u0119 ca\u0142ej inwestycji.<\/p>\n<p><strong>Funkcjonalno\u015b\u0107 i estetyka:<\/strong><\/p>\n<ul>\n<li>o\u015bcie\u017cnica drzwi zabudowana w \u015bcianach, pod\u0142odze i suficie,<\/li>\n<li>profile skrzyd\u0142a drzwi ca\u0142kowicie ukryte w o\u015bcie\u017cnicy dolnej i g\u00f3rnej,<\/li>\n<li>w przypadku wybrania nap\u0119du si\u0142ownikiem lub ryglowania na s\u0142upku profile skrzyd\u0142a drzwi nie s\u0105 r\u00f3wnie\u017c widoczne na bokach konstrukcji,<\/li>\n<li>s\u0142upek na po\u0142\u0105czeniu skrzyde\u0142 o szeroko\u015bci 25 mm,<\/li>\n<li>komfortowa, p\u0142ytka o\u015bcie\u017cnica o g\u0142\u0119boko\u015bci 23 mm,<\/li>\n<li>max. waga skrzyd\u0142a otwieranego manualnie: 500 kg, z si\u0142ownikiem nawierzchniowym: 700kg,<\/li>\n<li>zakres szklenia od 52 do 60 mm,<\/li>\n<li>g\u0142\u0119boko\u015b\u0107 konstrukcyjna kszta\u0142townik\u00f3w drzwi: 71 mm dla skrzyd\u0142a i 190 mm dla o\u015bcie\u017cnicy,<\/li>\n<li>skrzyd\u0142o drzwi wykonane z nowoczesnego materia\u0142u izolacyjnego o wysokich parametrach termicznych,<\/li>\n<li>uszczelki \u015blizgowe zastosowane w o\u015bcie\u017cnicy: nowoczesne, estetyczne i bezszelestne podczas eksploatacji,<\/li>\n<li>rolki, po kt\u00f3rych porusza sie skrzyd\u0142o, dost\u0119pne w wariancie stali nierdzewnej oraz czarnego poliamidu,<\/li>\n<li>ryglowanie manualne za pomoc\u0105 okucia BT Lock lub na s\u0142upku,<\/li>\n<li>si\u0142ownik nawierzchniowy z odbiornikiem radiowym oraz radarem bezpiecze\u0144stwa,<\/li>\n<li>nowoczesny system odwodnienia wraz z systemow\u0105 rynn\u0105,<\/li>\n<li>systemowe konsole monta\u017cowe z regulacj\u0105 wysoko\u015bci,<\/li>\n<li>podwalina konstrukcyjna o wysokiej izolacyjno\u015bci termicznej,<\/li>\n<li>system posiada tzw. &#8222;zerowy s\u0142upek&#8221;, kt\u00f3ry pozwala na zastosowanie os\u0142on przeciws\u0142onecznych od zewn\u0105trz typu \u017caluzje SkyFlow i screeny SkyRoll.<\/li>\n<\/ul>\n","protected":false},"excerpt":{"rendered":"<div class=\"headline headline--cert headline--cert-desktop padding--md-top-0\">\n<h2>DRZWI PRZESUWNE Z UKRYT\u0104 RAM\u0104<\/h2>\n<\/div>\n<div class=\"col__parms\">\n<ul class=\"parms\">\n<li class=\"parms__element\">\n<div class=\"parms__content\">\n<div class=\"parms__title\">700 kg<small><\/small><\/div>\n<div class=\"parms__title parms--small\">Maksymalny ci\u0119\u017car skrzyd\u0142a<\/div>\n<\/div>\n<\/li>\n<li class=\"parms__element\">\n<div class=\"parms__content\">\n<div class=\"parms__title\">4 m<small><\/small><\/div>\n<div class=\"parms__title parms--small\">Maksymalna wysoko\u015b\u0107 drzwi<\/div>\n<\/div>\n<\/li>\n<li class=\"divider\">\n<div class=\"divider__left\"><\/div>\n<div class=\"divider__center\"><\/div>\n<div class=\"divider__right\"><\/div>\n<\/li>\n<li class=\"parms__element\">\n<div class=\"parms__content\">\n<div class=\"parms__title\">25 mm<small><\/small><\/div>\n<div class=\"parms__title parms--small\">Szeroko\u015b\u0107 s\u0142upka na po\u0142\u0105czeniu skrzyde\u0142<\/div>\n<\/div>\n<\/li>\n<li class=\"parms__element\">\n<div class=\"parms__content\">\n<div class=\"parms__title\">23 mm<small><\/small><\/div>\n<div class=\"parms__title parms--small\">G\u0142\u0119boko\u015b\u0107 o\u015bcie\u017cnicy<\/div>\n<\/div>\n<\/li>\n<\/ul>\n<div class=\"clearfix\">\n<div class=\"block-text text--justify markdown text--size-20 text--xs-size-16\">\n<p>MB-SKYLINE TYPE R to nowoczesny system drzwi przesuwnych wielkogabarytowych, charakteryzuj\u0105cy si\u0119 lekko\u015bci\u0105 oraz estetyk\u0105. Bazuje na w\u0105skich profilach, dzi\u0119ki kt\u00f3rym konstrukcje zyskuj\u0105 nowoczesny wygl\u0105d, zapewniaj\u0105c jednocze\u015bnie panoramiczny widok otoczenia domu.<\/p>\n<\/div>\n<\/div>\n<\/div>\n","protected":false},"featured_media":444,"template":"","meta":[],"product_brand":[],"product_cat":[19,17],"product_tag":[],"class_list":{"0":"post-443","1":"product","2":"type-product","3":"status-publish","4":"has-post-thumbnail","6":"product_cat-aluprof","7":"product_cat-systemy-okienno-drzwiowe","9":"first","10":"instock","11":"shipping-taxable","12":"product-type-simple"},"_links":{"self":[{"href":"https:\/\/www.alufactory.pl\/stolarka\/wp-json\/wp\/v2\/product\/443","targetHints":{"allow":["GET"]}}],"collection":[{"href":"https:\/\/www.alufactory.pl\/stolarka\/wp-json\/wp\/v2\/product"}],"about":[{"href":"https:\/\/www.alufactory.pl\/stolarka\/wp-json\/wp\/v2\/types\/product"}],"wp:featuredmedia":[{"embeddable":true,"href":"https:\/\/www.alufactory.pl\/stolarka\/wp-json\/wp\/v2\/media\/444"}],"wp:attachment":[{"href":"https:\/\/www.alufactory.pl\/stolarka\/wp-json\/wp\/v2\/media?parent=443"}],"wp:term":[{"taxonomy":"product_brand","embeddable":true,"href":"https:\/\/www.alufactory.pl\/stolarka\/wp-json\/wp\/v2\/product_brand?post=443"},{"taxonomy":"product_cat","embeddable":true,"href":"https:\/\/www.alufactory.pl\/stolarka\/wp-json\/wp\/v2\/product_cat?post=443"},{"taxonomy":"product_tag","embeddable":true,"href":"https:\/\/www.alufactory.pl\/stolarka\/wp-json\/wp\/v2\/product_tag?post=443"}],"curies":[{"name":"wp","href":"https:\/\/api.w.org\/{rel}","templated":true}]}}