{"id":451,"date":"2021-12-19T19:12:26","date_gmt":"2021-12-19T19:12:26","guid":{"rendered":"https:\/\/www.alufactory.pl\/stolarka\/?post_type=product&#038;p=451"},"modified":"2022-01-10T12:48:11","modified_gmt":"2022-01-10T12:48:11","slug":"mb-60hi","status":"publish","type":"product","link":"https:\/\/www.alufactory.pl\/stolarka\/produkt\/mb-60hi\/","title":{"rendered":"MB-60HI"},"content":{"rendered":"<p>Dla konstrukcji systemu MB-60HI wsp\u00f3\u0142czynnik U<sub>f<\/sub>\u00a0w zale\u017cno\u015bci u\u017cytych profili i akcesori\u00f3w wynosi od 1,48 W\/(m<sup>2<\/sup>K).<\/p>\n<p>Podwy\u017cszenie izolacji termicznej uzyskuje si\u0119 poprzez umieszczenie w centralnych komorach profili aluminiowych specjalnych wk\u0142ad\u00f3w, kt\u00f3re dzi\u0119ki niskiej warto\u015bci wsp\u00f3\u0142czynnika przewodzenia ciep\u0142a obni\u017caj\u0105 przep\u0142yw ciep\u0142a przez konstrukcj\u0119. Centralne po\u0142o\u017cenie wk\u0142ad\u00f3w ogranicza r\u00f3wnie\u017c konwekcj\u0119 i promieniowanie termiczne.<\/p>\n<p>Okna systemu MB-60HI podobnie jak w przypadku systemu bazowego mog\u0105 by\u0107 wykorzystywane zar\u00f3wno w zabudowie indywidualnej, jak i w fasadach aluminiowych. W przypadkach zastosowania ich jako wype\u0142nienie \u015bciany s\u0142upowo-ryglowej najw\u0142a\u015bciwsze jest po\u0142\u0105czenie z systemem o podwy\u017cszonej izolacyjno\u015bci termicznej MB-SR50 HI.<\/p>\n","protected":false},"excerpt":{"rendered":"<div class=\"headline headline--cert headline--cert-desktop padding--md-top-0\">\n<h2>SYSTEM OKIEN Z PRZEGROD\u0104 TERMICZN\u0104<\/h2>\n<\/div>\n<div class=\"col__parms\">\n<ul class=\"parms\">\n<li class=\"parms__element\">\n<div class=\"parms__content\">\n<div class=\"parms__title\">klasa 4<small><\/small><\/div>\n<div class=\"parms__title parms--small\">Przepuszczalno\u015b\u0107 powietrza<\/div>\n<\/div>\n<\/li>\n<li class=\"parms__element\">\n<div class=\"parms__content\">\n<div class=\"parms__title\">klasa E900<small><\/small><\/div>\n<div class=\"parms__title parms--small\">Wodoszczelno\u015b\u0107<\/div>\n<\/div>\n<\/li>\n<li class=\"divider\">\n<div class=\"divider__left\"><\/div>\n<div class=\"divider__center\"><\/div>\n<div class=\"divider__right\"><\/div>\n<\/li>\n<li class=\"parms__element\">\n<div class=\"parms__content\">\n<div class=\"parms__title\">klasa C5<small><\/small><\/div>\n<div class=\"parms__title parms--small\">Odporno\u015b\u0107 na obci\u0105\u017cenie wiatrem<\/div>\n<\/div>\n<\/li>\n<li class=\"parms__element\">\n<div class=\"parms__content\">\n<div class=\"parms__title\">klasa 3<small><\/small><\/div>\n<div class=\"parms__title parms--small\">Odporno\u015b\u0107 na uderzenie<\/div>\n<\/div>\n<\/li>\n<\/ul>\n<div class=\"clearfix\">\n<div class=\"block-text text--justify markdown text--size-20 text--xs-size-16\">\n<p>W odpowiedzi na stale rosn\u0105ce zapotrzebowanie na wyroby budowlane o wysokiej izolacyjno\u015bci termicznej opracowane zosta\u0142y systemy okienne z przegrod\u0105 termiczn\u0105 MB-60HI,\u00a0<a href=\"https:\/\/aluprof.eu\/producenci\/oferta\/systemy-okienno-drzwiowe\/mb-60us-mb-60us-hi-system-okien-z-ukrytym-skrzydlem-z-izolacja-termiczna#wizualizacja\">MB-60US HI<\/a>,\u00a0<a href=\"https:\/\/aluprof.eu\/producenci\/oferta\/systemy-okienno-drzwiowe\/mb-60e-mb-60e-hi-system-drzwi-ekonomicznych-izolowanych-termicznie#wizualizacja\">MB-60E HI<\/a>,\u00a0<a href=\"https:\/\/aluprof.eu\/producenci\/oferta\/systemy-okienno-drzwiowe\/mb-60-ef-mb-60ef-hi-okno-w-fasadzie-mb-sr50n-efekt-z-izolacja-termiczna#wizualizacja\">MB-60EF HI<\/a>. Ich konstrukcja jest oparta na sprawdzonych, rozbudowanych i cenionych systemach bazowych\u00a0<a href=\"https:\/\/aluprof.eu\/producenci\/oferta\/systemy-okienno-drzwiowe\/mb-60-system-okienno-drzwiowy-z-izolacja-termiczna#rysunek-techniczny\">MB-60<\/a>,\u00a0<a href=\"https:\/\/aluprof.eu\/producenci\/oferta\/systemy-okienno-drzwiowe\/mb-60us-mb-60us-hi-system-okien-z-ukrytym-skrzydlem-z-izolacja-termiczna#wizualizacja\">MB-60US<\/a>,\u00a0<a href=\"https:\/\/aluprof.eu\/producenci\/oferta\/systemy-okienno-drzwiowe\/mb-60e-mb-60e-hi-system-drzwi-ekonomicznych-izolowanych-termicznie#wizualizacja\">MB-60E<\/a>\u00a0i\u00a0<a href=\"https:\/\/aluprof.eu\/producenci\/oferta\/systemy-okienno-drzwiowe\/mb-60-ef-mb-60ef-hi-okno-w-fasadzie-mb-sr50n-efekt-z-izolacja-termiczna#wizualizacja\">MB-60EF<\/a>.<\/p>\n<\/div>\n<\/div>\n<\/div>\n","protected":false},"featured_media":452,"template":"","meta":[],"product_brand":[],"product_cat":[19,17,35],"product_tag":[],"class_list":{"0":"post-451","1":"product","2":"type-product","3":"status-publish","4":"has-post-thumbnail","6":"product_cat-aluprof","7":"product_cat-systemy-okienno-drzwiowe","8":"product_cat-system-okien-z-przegroda-termiczna","10":"first","11":"instock","12":"shipping-taxable","13":"product-type-simple"},"_links":{"self":[{"href":"https:\/\/www.alufactory.pl\/stolarka\/wp-json\/wp\/v2\/product\/451","targetHints":{"allow":["GET"]}}],"collection":[{"href":"https:\/\/www.alufactory.pl\/stolarka\/wp-json\/wp\/v2\/product"}],"about":[{"href":"https:\/\/www.alufactory.pl\/stolarka\/wp-json\/wp\/v2\/types\/product"}],"wp:featuredmedia":[{"embeddable":true,"href":"https:\/\/www.alufactory.pl\/stolarka\/wp-json\/wp\/v2\/media\/452"}],"wp:attachment":[{"href":"https:\/\/www.alufactory.pl\/stolarka\/wp-json\/wp\/v2\/media?parent=451"}],"wp:term":[{"taxonomy":"product_brand","embeddable":true,"href":"https:\/\/www.alufactory.pl\/stolarka\/wp-json\/wp\/v2\/product_brand?post=451"},{"taxonomy":"product_cat","embeddable":true,"href":"https:\/\/www.alufactory.pl\/stolarka\/wp-json\/wp\/v2\/product_cat?post=451"},{"taxonomy":"product_tag","embeddable":true,"href":"https:\/\/www.alufactory.pl\/stolarka\/wp-json\/wp\/v2\/product_tag?post=451"}],"curies":[{"name":"wp","href":"https:\/\/api.w.org\/{rel}","templated":true}]}}