{"id":454,"date":"2021-12-19T19:14:38","date_gmt":"2021-12-19T19:14:38","guid":{"rendered":"https:\/\/www.alufactory.pl\/stolarka\/?post_type=product&#038;p=454"},"modified":"2022-01-10T12:47:20","modified_gmt":"2022-01-10T12:47:20","slug":"mb-60-pivot","status":"publish","type":"product","link":"https:\/\/www.alufactory.pl\/stolarka\/produkt\/mb-60-pivot\/","title":{"rendered":"MB-60 PIVOT"},"content":{"rendered":"<p>Prezentowane okno obrotowe MB-60 PIVOT jest nowoczesn\u0105 konstrukcj\u0105, s\u0142u\u017c\u0105c\u0105 do wykonywania wymagaj\u0105cych izolacji termicznej i akustycznej okien o pionowej lub poziomej osi obrotu. Okna tego typu przeznaczone s\u0105 do wbudowania w otwory w murze jak i do zamocowania w fasadzie s\u0142upowo-ryglowej.<\/p>\n<p>Na szczeg\u00f3ln\u0105 uwag\u0119 zas\u0142uguj\u0105 zakresy wymiarowe dla skrzyde\u0142 okien obrotowych: okno z poziom\u0105 osi\u0105 obrotu mo\u017ce mie\u0107 wysoko\u015b\u0107: 800 &#8211; 2000 mm i szeroko\u015b\u0107: 500 \u2013 2400 mm. Ci\u0119\u017car max. 180 kg.<\/p>\n<p>Zawiasy gwarantuj\u0105 obr\u00f3t skrzyd\u0142a o k\u0105t od 0 do 180 stopni. Mog\u0105 one by\u0107 opcjonalnie wyposa\u017cone w blokad\u0119 otwarcia skrzyd\u0142a do k\u0105ta o warto\u015bci 10, 15 lub 22 stopnie.<\/p>\n","protected":false},"excerpt":{"rendered":"<div class=\"headline headline--cert headline--cert-desktop padding--md-top-0\">\n<h2>SYSTEM OKIEN OBROTOWYCH Z IZOLACJ\u0104 TERMICZN\u0104<\/h2>\n<\/div>\n<div class=\"col__parms\">\n<ul class=\"parms\">\n<li class=\"parms__element\">\n<div class=\"parms__content\">\n<div class=\"parms__title\">klasa 4<small><\/small><\/div>\n<div class=\"parms__title parms--small\">Przepuszczalno\u015b\u0107 powietrza okna:<\/div>\n<\/div>\n<\/li>\n<li class=\"parms__element\">\n<div class=\"parms__content\">\n<div class=\"parms__title\">class E900<small>EN: 1027:2001; EN: 12208:2001<\/small><\/div>\n<div class=\"parms__title parms--small\">Wodoszczelno\u015b\u0107<\/div>\n<\/div>\n<\/li>\n<li class=\"divider\">\n<div class=\"divider__left\"><\/div>\n<div class=\"divider__center\"><\/div>\n<div class=\"divider__right\"><\/div>\n<\/li>\n<li class=\"parms__element\">\n<div class=\"parms__content\">\n<div class=\"parms__title\">klasa C2<small>EN: 12211:2001; EN: 12210:2001<\/small><\/div>\n<div class=\"parms__title parms--small\">Odporno\u015b\u0107 na obci\u0105\u017cenie wiatrem<\/div>\n<\/div>\n<\/li>\n<\/ul>\n<\/div>\n","protected":false},"featured_media":455,"template":"","meta":[],"product_brand":[],"product_cat":[19,17,36],"product_tag":[],"class_list":{"0":"post-454","1":"product","2":"type-product","3":"status-publish","4":"has-post-thumbnail","6":"product_cat-aluprof","7":"product_cat-systemy-okienno-drzwiowe","8":"product_cat-system-okien-obrotowych-z-izolacja-termiczna","10":"first","11":"instock","12":"shipping-taxable","13":"product-type-simple"},"_links":{"self":[{"href":"https:\/\/www.alufactory.pl\/stolarka\/wp-json\/wp\/v2\/product\/454","targetHints":{"allow":["GET"]}}],"collection":[{"href":"https:\/\/www.alufactory.pl\/stolarka\/wp-json\/wp\/v2\/product"}],"about":[{"href":"https:\/\/www.alufactory.pl\/stolarka\/wp-json\/wp\/v2\/types\/product"}],"wp:featuredmedia":[{"embeddable":true,"href":"https:\/\/www.alufactory.pl\/stolarka\/wp-json\/wp\/v2\/media\/455"}],"wp:attachment":[{"href":"https:\/\/www.alufactory.pl\/stolarka\/wp-json\/wp\/v2\/media?parent=454"}],"wp:term":[{"taxonomy":"product_brand","embeddable":true,"href":"https:\/\/www.alufactory.pl\/stolarka\/wp-json\/wp\/v2\/product_brand?post=454"},{"taxonomy":"product_cat","embeddable":true,"href":"https:\/\/www.alufactory.pl\/stolarka\/wp-json\/wp\/v2\/product_cat?post=454"},{"taxonomy":"product_tag","embeddable":true,"href":"https:\/\/www.alufactory.pl\/stolarka\/wp-json\/wp\/v2\/product_tag?post=454"}],"curies":[{"name":"wp","href":"https:\/\/api.w.org\/{rel}","templated":true}]}}