{"id":456,"date":"2021-12-19T19:18:07","date_gmt":"2021-12-19T19:18:07","guid":{"rendered":"https:\/\/www.alufactory.pl\/stolarka\/?post_type=product&#038;p=456"},"modified":"2022-01-10T12:46:53","modified_gmt":"2022-01-10T12:46:53","slug":"mb-60us-mb-60us-hi","status":"publish","type":"product","link":"https:\/\/www.alufactory.pl\/stolarka\/produkt\/mb-60us-mb-60us-hi\/","title":{"rendered":"MB-60US, MB-60US HI"},"content":{"rendered":"<p>Okna wykonane z element\u00f3w tego systemu posiadaj\u0105 niewidoczne skrzyd\u0142a od strony zewn\u0119trznej zabudowy. W zabudowie s\u0105siaduj\u0105cych ze sob\u0105 okien sta\u0142ych i otwieranych nie mo\u017cliwe jest rozr\u00f3\u017cnienie po\u0142o\u017cenia tych p\u00f3l. Szeroko\u015b\u0107 ram okien w widoku od strony zewn\u0119trznej zabudowy jest niewielka, dzi\u0119ki czemu konstrukcja stwarza wra\u017cenie smuk\u0142ej i lekkiej.<\/p>\n<p>Ka\u017cda konstrukcja zbudowana w systemie MB-60 US, przeznaczona do zamontowania w zabudowie zewn\u0119trznej, musi posiada\u0107 efektywny system odprowadzania wody i wentylacji z komory szybowej oraz z komory pomi\u0119dzy skrzyd\u0142em a o\u015bcie\u017cnic\u0105. Otwory wentylacyjno &#8211; drena\u017cowe od strony zewn\u0119trznej zakryte s\u0105 os\u0142onkami z tworzywa sztucznego.<\/p>\n<p>Cech\u0105 charakterystyczn\u0105 systemu jest jego \u015bcis\u0142e powi\u0105zanie z innymi systemami firmy ALUPROF S.A. Przyj\u0119cie takiego za\u0142o\u017cenia konstrukcyjnego pozwoli\u0142o uzyska\u0107 i zastosowa\u0107 wiele wsp\u00f3lnych element\u00f3w, np.: wsp\u00f3lnych listew przyszybowych, naro\u017cnik\u00f3w, listew uszczelniaj\u0105cych, uszczelek przyszybowych i przymykowych, wsp\u00f3lnych oku\u0107 oraz wiele identycznych proces\u00f3w technologicznych jak ko\u0142kowanie \u0142\u0105cznik\u00f3w przewi\u0105zek i poprzeczek, klejenie naro\u017cnik\u00f3w, wykrawanie r\u00f3\u017cnych otwor\u00f3w, itd.<\/p>\n<p>System ten posiada wersj\u0119 o podwy\u017cszonej izolacyjno\u015bci termicznej MB-60US HI. Wzrost izolacji termicznej uzyskany jest dzi\u0119ki umieszczeniu w centralnych komorach profili aluminiowych specjalnych wk\u0142ad\u00f3w, kt\u00f3re dzi\u0119ki niskiej warto\u015bci wsp\u00f3\u0142czynnika przewodzenia ciep\u0142a obni\u017caj\u0105 przep\u0142yw ciep\u0142a przez konstrukcj\u0119, ograniczaj\u0105c w nich jednocze\u015bnie konwekcj\u0119 i promieniowanie termiczne.<\/p>\n<p>Na bazie tego systemu mo\u017cna tak\u017ce wykonywa\u0107 konstrukcje antyw\u0142amaniowe.<\/p>\n","protected":false},"excerpt":{"rendered":"<div class=\"headline headline--cert headline--cert-desktop padding--md-top-0\">\n<h2>SYSTEM OKIEN Z UKRYTYM SKRZYD\u0141EM, Z IZOLACJ\u0104 TERMICZN\u0104<\/h2>\n<\/div>\n<div class=\"col__parms\">\n<ul class=\"parms\">\n<li class=\"parms__element\">\n<div class=\"parms__content\">\n<div class=\"parms__title\">klasa 4<small><\/small><\/div>\n<div class=\"parms__title parms--small\">Przepuszczalno\u015b\u0107 powietrza<\/div>\n<\/div>\n<\/li>\n<li class=\"parms__element\">\n<div class=\"parms__content\">\n<div class=\"parms__title\">klasa E900<small><\/small><\/div>\n<div class=\"parms__title parms--small\">Wodoszczelno\u015b\u0107<\/div>\n<\/div>\n<\/li>\n<li class=\"divider\">\n<div class=\"divider__left\"><\/div>\n<div class=\"divider__center\"><\/div>\n<div class=\"divider__right\"><\/div>\n<\/li>\n<li class=\"parms__element\">\n<div class=\"parms__content\">\n<div class=\"parms__title\">klasa C5<small><\/small><\/div>\n<div class=\"parms__title parms--small\">Odporno\u015b\u0107 na obci\u0105\u017cenie wiatrem<\/div>\n<\/div>\n<\/li>\n<\/ul>\n<div class=\"clearfix\">\n<div class=\"block-text text--justify markdown text--size-20 text--xs-size-16\">\n<p>System MB-60 Ukryte Skrzyd\u0142o jest cz\u0119\u015bci\u0105 systemu okienno-drzwiowego z przegrod\u0105 termiczn\u0105\u00a0<a href=\"https:\/\/aluprof.eu\/producenci\/oferta\/systemy-okienno-drzwiowe\/mb-60-system-okienno-drzwiowy-z-izolacja-termiczna#rysunek-techniczny\">MB-60<\/a>\u00a0firmy ALUPROF S.A. MB-60 US jest nowoczesnym systemem aluminiowym, s\u0142u\u017c\u0105cym do wykonywania wymagaj\u0105cych izolacji termicznej i akustycznej element\u00f3w architektonicznej zabudowy zewn\u0119trznej.<\/p>\n<\/div>\n<\/div>\n<\/div>\n","protected":false},"featured_media":457,"template":"","meta":[],"product_brand":[],"product_cat":[19,17,37],"product_tag":[],"class_list":{"0":"post-456","1":"product","2":"type-product","3":"status-publish","4":"has-post-thumbnail","6":"product_cat-aluprof","7":"product_cat-systemy-okienno-drzwiowe","8":"product_cat-system-okien-z-ukrytym-skrzydlem-z-izolacja-termiczna","10":"first","11":"instock","12":"shipping-taxable","13":"product-type-simple"},"_links":{"self":[{"href":"https:\/\/www.alufactory.pl\/stolarka\/wp-json\/wp\/v2\/product\/456","targetHints":{"allow":["GET"]}}],"collection":[{"href":"https:\/\/www.alufactory.pl\/stolarka\/wp-json\/wp\/v2\/product"}],"about":[{"href":"https:\/\/www.alufactory.pl\/stolarka\/wp-json\/wp\/v2\/types\/product"}],"wp:featuredmedia":[{"embeddable":true,"href":"https:\/\/www.alufactory.pl\/stolarka\/wp-json\/wp\/v2\/media\/457"}],"wp:attachment":[{"href":"https:\/\/www.alufactory.pl\/stolarka\/wp-json\/wp\/v2\/media?parent=456"}],"wp:term":[{"taxonomy":"product_brand","embeddable":true,"href":"https:\/\/www.alufactory.pl\/stolarka\/wp-json\/wp\/v2\/product_brand?post=456"},{"taxonomy":"product_cat","embeddable":true,"href":"https:\/\/www.alufactory.pl\/stolarka\/wp-json\/wp\/v2\/product_cat?post=456"},{"taxonomy":"product_tag","embeddable":true,"href":"https:\/\/www.alufactory.pl\/stolarka\/wp-json\/wp\/v2\/product_tag?post=456"}],"curies":[{"name":"wp","href":"https:\/\/api.w.org\/{rel}","templated":true}]}}