{"id":464,"date":"2021-12-19T19:22:15","date_gmt":"2021-12-19T19:22:15","guid":{"rendered":"https:\/\/www.alufactory.pl\/stolarka\/?post_type=product&#038;p=464"},"modified":"2022-01-10T12:43:04","modified_gmt":"2022-01-10T12:43:04","slug":"mb-slimline","status":"publish","type":"product","link":"https:\/\/www.alufactory.pl\/stolarka\/produkt\/mb-slimline\/","title":{"rendered":"MB-SLIMLINE"},"content":{"rendered":"<p>System okien MB-Slimline, dzi\u0119ki bardzo ma\u0142ej szeroko\u015bci profili aluminiowych widocznych od strony zewn\u0119trznej konstrukcji, umo\u017cliwia budow\u0119 skrzyde\u0142 okien w dw\u00f3ch wariantach \u2013 z widocznymi lub niewidocznymi profilami (SG) od zewn\u0119trznej strony zabudowy. Wygl\u0105d p\u00f3l sta\u0142ych i otwieranych, w przypadku u\u017cycia niewidocznych skrzyde\u0142, jest wi\u0119c prawie identyczny. System ten mo\u017ce r\u00f3wnie\u017c \u015bwietnie zast\u0105pi\u0107 starego typu okna wykonane z profili stalowych, zapewniaj\u0105c podobny wygl\u0105d w widoku od strony zewn\u0119trznej zabudowy, jednocze\u015bnie znacznie zwi\u0119kszaj\u0105c izolacyjno\u015b\u0107 termiczn\u0105 przegrody.<\/p>\n<p><strong>Funkcjonalno\u015b\u0107 i estetyka:<\/strong><\/p>\n<ul>\n<li>wysoka szczelno\u015b\u0107 na przenikanie wody i infiltracj\u0119 powietrza oraz doskona\u0142a izolacyjno\u015b\u0107 termiczna mo\u017cliwa jest do uzyskania mi\u0119dzy innymi dzi\u0119ki specjalnym kszta\u0142tom uszczelki centralnej,<\/li>\n<li>dobra izolacyjno\u015b\u0107 termiczna,<\/li>\n<li>szeroki zakres szklenia do 81 mm,<\/li>\n<li>zastosowanie typowych rowk\u00f3w okuciowych typu \u201eEuro\u201d pozwala na monta\u017c wi\u0119kszo\u015bci dost\u0119pnych oku\u0107,<\/li>\n<li>technologia wykonania konstrukcji jest maksymalnie uproszczona. Po\u0142\u0105czenia profili (naro\u017cne i typu \u201eT\u201d) wykonuje si\u0119 poprzez skr\u0119canie lub ko\u0142kowanie.<\/li>\n<\/ul>\n<div class=\"accordion__title\">\n<div class=\"headline\">\n<h2 class=\"hidden--xs\">PARAMETRY TECHNICZNE:<\/h2>\n<\/div>\n<\/div>\n<div class=\"accordion__content\">\n<div class=\"row technical-details\">\n<div class=\"col col--left block-text padding--15 padding--right-50 padding--left-0 padding--xs-right-0 padding--sm-right-0 \">\n<ul>\n<li>Przepuszczalno\u015b\u0107 powietrza: klasa 4, EN 1026:2001; EN 12207:2001<\/li>\n<li>Wodoszczelno\u015b\u0107: klasa E 1500, EN 1027:2001; EN 12208:2001<\/li>\n<li>Izolacyjno\u015b\u0107 termiczna (U<sub>w<\/sub>): od 0,8 W\/(m<sup>2<\/sup>K)<\/li>\n<\/ul>\n<\/div>\n<\/div>\n<\/div>\n","protected":false},"excerpt":{"rendered":"<div class=\"headline headline--cert headline--cert-desktop padding--md-top-0\">\n<h2>SYSTEM OKIEN O W\u0104SKICH PROFILACH<\/h2>\n<\/div>\n<div class=\"col__parms\">\n<ul class=\"parms\">\n<li class=\"parms__element\">\n<div class=\"parms__content\">\n<div class=\"parms__title\">klasa 4<small><\/small><\/div>\n<div class=\"parms__title parms--small\">Przepuszczalno\u015b\u0107 powietrza<\/div>\n<\/div>\n<\/li>\n<li class=\"parms__element\">\n<div class=\"parms__content\">\n<div class=\"parms__title\">klasa E 1500<small><\/small><\/div>\n<div class=\"parms__title parms--small\">Wodoszczelno\u015b\u0107<\/div>\n<\/div>\n<\/li>\n<li class=\"divider\">\n<div class=\"divider__left\"><\/div>\n<div class=\"divider__center\"><\/div>\n<div class=\"divider__right\"><\/div>\n<\/li>\n<li class=\"parms__element\">\n<div class=\"parms__content\">\n<div class=\"parms__title\">z 0,8<small>W\/(m<sup>2<\/sup>K)<\/small><\/div>\n<div class=\"parms__title parms--small\">Izolacyjno\u015b\u0107 termiczna U<sub>w<\/sub><\/div>\n<\/div>\n<\/li>\n<\/ul>\n<div class=\"clearfix\">\n<div class=\"block-text text--justify markdown text--size-20 text--xs-size-16\">\n<p>System okien z przegrod\u0105 termiczn\u0105 MB-Slimline o wysokiej izolacyjno\u015bci termicznej, s\u0142u\u017cy do wykonywania r\u00f3\u017cnych typ\u00f3w okien otwieranych do wewn\u0105trz (rozwieranych, uchylnych, rozwierano-uchylnych) oraz sta\u0142ych, kt\u00f3re cechuje poza doskona\u0142\u0105 izolacj\u0105 termiczn\u0105 r\u00f3wnie\u017c bardzo dobra izolacja akustyczna, szczelno\u015b\u0107 na wod\u0119 i powietrze oraz wysoka wytrzyma\u0142o\u015b\u0107 konstrukcji.<\/p>\n<\/div>\n<\/div>\n<\/div>\n","protected":false},"featured_media":465,"template":"","meta":[],"product_brand":[],"product_cat":[19,17,38],"product_tag":[],"class_list":{"0":"post-464","1":"product","2":"type-product","3":"status-publish","4":"has-post-thumbnail","6":"product_cat-aluprof","7":"product_cat-systemy-okienno-drzwiowe","8":"product_cat-system-okien-o-waskich-profilach","10":"first","11":"instock","12":"shipping-taxable","13":"product-type-simple"},"_links":{"self":[{"href":"https:\/\/www.alufactory.pl\/stolarka\/wp-json\/wp\/v2\/product\/464","targetHints":{"allow":["GET"]}}],"collection":[{"href":"https:\/\/www.alufactory.pl\/stolarka\/wp-json\/wp\/v2\/product"}],"about":[{"href":"https:\/\/www.alufactory.pl\/stolarka\/wp-json\/wp\/v2\/types\/product"}],"wp:featuredmedia":[{"embeddable":true,"href":"https:\/\/www.alufactory.pl\/stolarka\/wp-json\/wp\/v2\/media\/465"}],"wp:attachment":[{"href":"https:\/\/www.alufactory.pl\/stolarka\/wp-json\/wp\/v2\/media?parent=464"}],"wp:term":[{"taxonomy":"product_brand","embeddable":true,"href":"https:\/\/www.alufactory.pl\/stolarka\/wp-json\/wp\/v2\/product_brand?post=464"},{"taxonomy":"product_cat","embeddable":true,"href":"https:\/\/www.alufactory.pl\/stolarka\/wp-json\/wp\/v2\/product_cat?post=464"},{"taxonomy":"product_tag","embeddable":true,"href":"https:\/\/www.alufactory.pl\/stolarka\/wp-json\/wp\/v2\/product_tag?post=464"}],"curies":[{"name":"wp","href":"https:\/\/api.w.org\/{rel}","templated":true}]}}