{"id":468,"date":"2021-12-19T19:25:18","date_gmt":"2021-12-19T19:25:18","guid":{"rendered":"https:\/\/www.alufactory.pl\/stolarka\/?post_type=product&#038;p=468"},"modified":"2022-01-10T12:44:32","modified_gmt":"2022-01-10T12:44:32","slug":"mb-59s-casement-mb-59s-casement-hi","status":"publish","type":"product","link":"https:\/\/www.alufactory.pl\/stolarka\/produkt\/mb-59s-casement-mb-59s-casement-hi\/","title":{"rendered":"MB-59S CASEMENT, MB-59S CASEMENT HI"},"content":{"rendered":"<div class=\"row products-images margin--top-50\">\n<div class=\"col col--grow col--centered block-text padding--15 padding--xs-left-0 padding--xs-right-0\">\n<div class=\"clearfix\">\n<div class=\"text--justify markdown text--size-20 text--xs-size-16\">\n<p>Okna tego typu przeznaczone s\u0105 zar\u00f3wno do wbudowania w otwory w murze jak i do zamocowania w fasadzie s\u0142upowo-ryglowej. Konstrukcja bazuje na systemie okienno-drzwiowym z przegrod\u0105 termiczn\u0105 MB-59S. G\u0142\u0119boko\u015b\u0107 kszta\u0142townik\u00f3w o\u015bcie\u017cnicy wynosi 50 mm, dla skrzyd\u0142a jest to wymiar 59 mm. Zastosowano w nich profilowane przek\u0142adki termiczne typu &#8222;omega&#8221; o szeroko\u015bci 16 i 22 mm z poliamidu wzmocnionego w\u0142\u00f3knem szklanym. W zale\u017cno\u015bci od wymaga\u0144 dotycz\u0105cych ochrony cieplnej budynku mo\u017cna zastosowa\u0107 ten system w wersji o podwy\u017cszonej izolacyjno\u015bci termicznej: MB-59S Casement HI. Podwy\u017cszenie tego parametru uzyskane jest poprzez umieszczenie specjalnych wk\u0142ad\u00f3w w centralnej, izolacyjnej komorze profili aluminiowych, pomi\u0119dzy przek\u0142adkami termicznymi. Wk\u0142ady te dzi\u0119ki niskiej warto\u015bci wsp\u00f3\u0142czynnika przewodzenia ciep\u0142a obni\u017caj\u0105 utrat\u0119 energii cieplnej przez t\u0105 komor\u0119. Centralne po\u0142o\u017cenie wk\u0142ad\u00f3w ogranicza r\u00f3wnie\u017c konwekcj\u0119 jak i promieniowanie termiczne. Analogiczne elementy izoluj\u0105ce umieszczone s\u0105 r\u00f3wnie\u017c w przestrzeni mi\u0119dzy szyb\u0105 a profilem zespolonym skrzyd\u0142a lub o\u015bcie\u017cnicy. Warto\u015bci wsp\u00f3\u0142czynnik\u00f3w przenikania ciep\u0142a ram okien i drzwi w wariancie HI s\u0105 od 0,1 do 0,5 W\/(m2K) ni\u017csze od warto\u015bci uzyskiwanych dla analogicznych profili systemu bazowego. Minimalny wsp\u00f3\u0142czynnik Uf dla profili systemu MB-59S Casement HI wynosi 2,1 W\/(m2K).<\/p>\n<p>Okna otwierane na zewn\u0105trz mog\u0105 by\u0107 wyposa\u017cone w dwa rodzaje zawias\u00f3w: zawiasy obrotowe lub no\u017cycowe. Kszta\u0142towniki systemu MB-59S CASEMENT posiadaj\u0105 wyprofilowane rowki o takich wymiarach, aby mo\u017cna by\u0142o w nich stosowa\u0107 okucia obwiedniowe i \u0142\u0105czniki zgodne ze standardem EURO. Montowane s\u0105 w nich okucia renomowanych firm, takich jak: Sobinco, Securistyle.<\/p>\n<p>System pozwala na stosowanie zestaw\u00f3w szybowych grubo\u015bci od 4,5 mm do 40,5 mm w skrzyd\u0142ach okien oraz od 4,5 mm do 31,5 mm w oknach sta\u0142ych. Wykonane z niego konstrukcje charakteryzuj\u0105 si\u0119 zar\u00f3wno wysok\u0105 estetyk\u0105, jak i dobrymi parametrami u\u017cytkowymi:<\/p>\n<ul>\n<li>powierzchnie wewn\u0119trzne o\u015bcie\u017cnicy i skrzyd\u0142a le\u017c\u0105 w jednej p\u0142aszczy\u017anie,<\/li>\n<li>uszczelki przyszybowe s\u0105 ma\u0142o widoczne w widoku od zewn\u0105trz.<\/li>\n<li>uszczelki montuje si\u0119 w spos\u00f3b ci\u0105g\u0142y, bez przycinania w naro\u017cach, co znacznie skraca czas monta\u017cu i poprawia szczelno\u015b\u0107.<\/li>\n<li>ka\u017cda konstrukcja okna posiada efektywny system odprowadzania wody i wentylacji z komory szybowej oraz z komory pomi\u0119dzy skrzyd\u0142em a o\u015bcie\u017cnic\u0105.<\/li>\n<\/ul>\n<p>Okna otwierane na zewn\u0105trz, bazuj\u0105ce na standardowym systemie okienno-drzwiowym powsta\u0142y przede wszystkim z my\u015bl\u0105 o u\u017cytkownikach na Wyspach Brytyjskich, ch\u0119tnie stosuj\u0105cych tego typu rozwi\u0105zania. Produkty te maj\u0105 swoich zwolennik\u00f3w tak\u017ce na innych rynkach.<\/p>\n<\/div>\n<\/div>\n<\/div>\n<\/div>\n<div class=\"accordion _--opened\">\n<div class=\"accordion__title\">\n<div class=\"headline\">\n<h2 class=\"hidden--xs\">PARAMETRY TECHNICZNE MB-59S CASEMENT:<\/h2>\n<\/div>\n<\/div>\n<div class=\"accordion__content\">\n<div class=\"row technical-details\">\n<div class=\"col col--left block-text padding--15 padding--right-50 padding--left-0 padding--xs-right-0 padding--sm-right-0 \">\n<ul>\n<li>Infiltracja powietrza: klasa 4, EN 1026:2001; EN 12207:2001<\/li>\n<li>Szczelno\u015b\u0107 na wod\u0119 opadow\u0105: klasa E1050, EN 1027:2001; EN12208:2001<\/li>\n<li>Odporno\u015b\u0107 na obci\u0105\u017cenie wiatrem: klasa C5, EN 12211:2001; EN 12210:2001<\/li>\n<\/ul>\n<\/div>\n<\/div>\n<\/div>\n<\/div>\n","protected":false},"excerpt":{"rendered":"<div class=\"headline headline--cert headline--cert-desktop padding--md-top-0\">\n<h2>SYSTEM OKIEN Z IZOLACJ\u0104 TERMICZN\u0104, OTWIERANYCH NA ZEWN\u0104TRZ<\/h2>\n<\/div>\n<div class=\"col__parms\">\n<ul class=\"parms\">\n<li class=\"parms__element\">\n<div class=\"parms__content\">\n<div class=\"parms__title\">klasa 4<small><\/small><\/div>\n<div class=\"parms__title parms--small\">Odporno\u015b\u0107 na uderzenie<\/div>\n<\/div>\n<\/li>\n<li class=\"parms__element\">\n<div class=\"parms__content\">\n<div class=\"parms__title\">E1050<small>EN 1027:2001; EN 12208:2001<\/small><\/div>\n<div class=\"parms__title parms--small\">Wodoszczelno\u015b\u0107<\/div>\n<\/div>\n<\/li>\n<li class=\"divider\">\n<div class=\"divider__left\"><\/div>\n<div class=\"divider__center\"><\/div>\n<div class=\"divider__right\"><\/div>\n<\/li>\n<li class=\"parms__element\">\n<div class=\"parms__content\">\n<div class=\"parms__title\">klasa 4<small>EN 1026:2001; EN 12207:2003<\/small><\/div>\n<div class=\"parms__title parms--small\">Przepuszczalno\u015b\u0107 powietrza<\/div>\n<\/div>\n<\/li>\n<li class=\"parms__element\">\n<div class=\"parms__content\">\n<div class=\"parms__title\">C5<small>EN 12211:2001; EN 12210:2003<\/small><\/div>\n<div class=\"parms__title parms--small\">Odporno\u015b\u0107 na obci\u0105\u017cenie wiatrem<\/div>\n<\/div>\n<\/li>\n<\/ul>\n<div class=\"clearfix\">\n<div class=\"block-text text--justify markdown text--size-20 text--xs-size-16\">\n<p>System MB-59S CASEMENT jest nowoczesn\u0105 konstrukcj\u0105, s\u0142u\u017c\u0105c\u0105 do wykonywania okien odchylanych oraz rozwieranych na zewn\u0105trz &#8211; ekonomicznych a jednocze\u015bnie posiadaj\u0105cych dobre w\u0142asno\u015bci u\u017cytkowe. Profile tego systemu mog\u0105 tak\u017ce s\u0142u\u017cy\u0107 do produkcji automatycznych drzwi przesuwnych z przegrod\u0105 termiczn\u0105 MB-DPA.<\/p>\n<\/div>\n<\/div>\n<\/div>\n","protected":false},"featured_media":469,"template":"","meta":[],"product_brand":[],"product_cat":[19,17,39],"product_tag":[],"class_list":{"0":"post-468","1":"product","2":"type-product","3":"status-publish","4":"has-post-thumbnail","6":"product_cat-aluprof","7":"product_cat-systemy-okienno-drzwiowe","8":"product_cat-system-okien-z-izolacja-termiczna-otwieranych-na-zewnatrz","10":"first","11":"instock","12":"shipping-taxable","13":"product-type-simple"},"_links":{"self":[{"href":"https:\/\/www.alufactory.pl\/stolarka\/wp-json\/wp\/v2\/product\/468","targetHints":{"allow":["GET"]}}],"collection":[{"href":"https:\/\/www.alufactory.pl\/stolarka\/wp-json\/wp\/v2\/product"}],"about":[{"href":"https:\/\/www.alufactory.pl\/stolarka\/wp-json\/wp\/v2\/types\/product"}],"wp:featuredmedia":[{"embeddable":true,"href":"https:\/\/www.alufactory.pl\/stolarka\/wp-json\/wp\/v2\/media\/469"}],"wp:attachment":[{"href":"https:\/\/www.alufactory.pl\/stolarka\/wp-json\/wp\/v2\/media?parent=468"}],"wp:term":[{"taxonomy":"product_brand","embeddable":true,"href":"https:\/\/www.alufactory.pl\/stolarka\/wp-json\/wp\/v2\/product_brand?post=468"},{"taxonomy":"product_cat","embeddable":true,"href":"https:\/\/www.alufactory.pl\/stolarka\/wp-json\/wp\/v2\/product_cat?post=468"},{"taxonomy":"product_tag","embeddable":true,"href":"https:\/\/www.alufactory.pl\/stolarka\/wp-json\/wp\/v2\/product_tag?post=468"}],"curies":[{"name":"wp","href":"https:\/\/api.w.org\/{rel}","templated":true}]}}