{"id":472,"date":"2021-12-19T19:27:19","date_gmt":"2021-12-19T19:27:19","guid":{"rendered":"https:\/\/www.alufactory.pl\/stolarka\/?post_type=product&#038;p=472"},"modified":"2022-01-10T12:45:03","modified_gmt":"2022-01-10T12:45:03","slug":"mb-59s-pivot-mb-59s-pivot-hi","status":"publish","type":"product","link":"https:\/\/www.alufactory.pl\/stolarka\/produkt\/mb-59s-pivot-mb-59s-pivot-hi\/","title":{"rendered":"MB-59S PIVOT, MB-59S PIVOT HI"},"content":{"rendered":"<div class=\"row products-images margin--top-50\">\n<div class=\"col col--grow col--centered block-text padding--15 padding--xs-left-0 padding--xs-right-0\">\n<div class=\"clearfix\">\n<div class=\"text--justify markdown text--size-20 text--xs-size-16\">\n<p>Konstrukcja bazuje na oknach systemu z przegrod\u0105 termiczn\u0105 MB-59S. G\u0142\u0119boko\u015b\u0107 kszta\u0142townik\u00f3w o\u015bcie\u017cnicy wynosi 50 mm, dla skrzyd\u0142a jest to wymiar 59 mm. Zastosowano w nich profilowane przek\u0142adki termiczne typu &#8222;omega&#8221; o szeroko\u015bci 16 i 22 mm z poliamidu wzmocnionego w\u0142\u00f3knem szklanym. W zale\u017cno\u015bci od wymaga\u0144 dotycz\u0105cych ochrony cieplnej budynku mo\u017cna zastosowa\u0107 ten system w wersji o podwy\u017cszonej izolacyjno\u015bci termicznej: MB-59S Pivot HI. Podwy\u017cszenie tego parametru uzyskane jest poprzez umieszczenie specjalnych wk\u0142ad\u00f3w w centralnej, izolacyjnej komorze profili aluminiowych, pomi\u0119dzy przek\u0142adkami termicznymi. Wk\u0142ady te dzi\u0119ki niskiej warto\u015bci wsp\u00f3\u0142czynnika przewodzenia ciep\u0142a obni\u017caj\u0105 utrat\u0119 energii cieplnej przez t\u0105 komor\u0119. Centralne po\u0142o\u017cenie wk\u0142ad\u00f3w ogranicza r\u00f3wnie\u017c konwekcj\u0119 jak i promieniowanie termiczne. Analogiczne elementy izoluj\u0105ce umieszczone s\u0105 r\u00f3wnie\u017c w przestrzeni mi\u0119dzy szyb\u0105 a profilem zespolonym skrzyd\u0142a lub o\u015bcie\u017cnicy.<\/p>\n<p><strong>Zakresy wymiarowe dla skrzyde\u0142 okien:<\/strong><\/p>\n<p>1.Okno z poziom\u0105 osi\u0105 obrotu:<\/p>\n<ul>\n<li>Wysoko\u015b\u0107: 800 &#8211; 2000 mm.<\/li>\n<li>Szeroko\u015b\u0107: 500 \u2013 2400 mm.<\/li>\n<li>Ci\u0119\u017car: max. 180 kg.<\/li>\n<\/ul>\n<p>2.Okno z pionow\u0105 osi\u0105 obrotu:<\/p>\n<ul>\n<li>Wysoko\u015b\u0107: 500 &#8211; 2400 mm.<\/li>\n<li>Szeroko\u015b\u0107: 800 \u2013 2000 mm.<\/li>\n<li>Ci\u0119\u017car: max. 120 kg.<\/li>\n<\/ul>\n<p>Zawiasy obrotowe gwarantuj\u0105 obr\u00f3t skrzyd\u0142a o k\u0105t od 0o do 180o, mog\u0105 by\u0107 opcjonalnie wyposa\u017cone w blokad\u0119 otwarcia skrzyd\u0142a do k\u0105ta 22o. Po przestawieniu pokr\u0119t\u0142a blokady skrzyd\u0142a mo\u017cna obr\u00f3ci\u0107 o k\u0105t 180o w celu np. wygodnego i bezpiecznego umycia zewn\u0119trznej powierzchni okna.<\/p>\n<p>Szyby lub inne wype\u0142nienia montowane s\u0105 za pomoc\u0105 listew i uszczelek przyszybowych. Konstrukcja okna pozwala na stosowanie zestaw\u00f3w szybowych grubo\u015bci od 4,5 mm do 31,5 mm.<\/p>\n<\/div>\n<\/div>\n<\/div>\n<\/div>\n<div class=\"accordion _--opened\">\n<div class=\"accordion__title\">\n<div class=\"headline\">\n<h2 class=\"hidden--xs\">PARAMETRY TECHNICZNE MB-59S PIVOT:<\/h2>\n<\/div>\n<\/div>\n<div class=\"accordion__content\">\n<div class=\"row technical-details\">\n<div class=\"col col--left block-text padding--15 padding--right-50 padding--left-0 padding--xs-right-0 padding--sm-right-0 \">\n<ul>\n<li>Infiltracja powietrza: klasa 4, EN 1026:2001; EN 12207:2001<\/li>\n<li>Szczelno\u015b\u0107 na wod\u0119 opadow\u0105: klasa AE750, EN 1027:2001; EN 12208:2001<\/li>\n<li>Odporno\u015b\u0107 na obci\u0105\u017cenie wiatrem: klasa C, EN 12211:2001; EN 12210:2001<\/li>\n<\/ul>\n<\/div>\n<\/div>\n<\/div>\n<\/div>\n","protected":false},"excerpt":{"rendered":"<div class=\"headline headline--cert headline--cert-desktop padding--md-top-0\">\n<h2>SYSTEM OKIEN OBROTOWYCH Z IZOLACJ\u0104 TERMICZN\u0104<\/h2>\n<\/div>\n<div class=\"col__parms\">\n<ul class=\"parms\">\n<li class=\"parms__element\">\n<div class=\"parms__content\">\n<div class=\"parms__title\">AE750<small>EN 1027:2001; EN 12208:2001<\/small><\/div>\n<div class=\"parms__title parms--small\">Wodoszczelno\u015b\u0107<\/div>\n<\/div>\n<\/li>\n<li class=\"parms__element\">\n<div class=\"parms__content\">\n<div class=\"parms__title\">klasa 4<small>EN 1026:2001; EN 12207:2004<\/small><\/div>\n<div class=\"parms__title parms--small\">Przepuszczalno\u015b\u0107 powietrza<\/div>\n<\/div>\n<\/li>\n<li class=\"divider\">\n<div class=\"divider__left\"><\/div>\n<div class=\"divider__center\"><\/div>\n<div class=\"divider__right\"><\/div>\n<\/li>\n<li class=\"parms__element\">\n<div class=\"parms__content\">\n<div class=\"parms__title\">CE2400<small>EN 12211:2001<\/small><\/div>\n<div class=\"parms__title parms--small\">Odporno\u015b\u0107 na obci\u0105\u017cenie wiatrem<\/div>\n<\/div>\n<\/li>\n<\/ul>\n<div class=\"clearfix\">\n<div class=\"block-text text--justify markdown text--size-20 text--xs-size-16\">\n<p>Okno obrotowe MB-59S PIVOT jest cz\u0119\u015bci\u0105 systemu okienno-drzwiowego z przegrod\u0105 termiczn\u0105\u00a0<a href=\"https:\/\/aluprof.eu\/producenci\/oferta\/systemy-okienno-drzwiowe\/mb-59s-system-okienno-drzwiowy-z-izolacja-termiczna#wizualizacja\">MB-59S<\/a>\u00a0firmy ALUPROF S.A.<\/p>\n<p>MB-59S PIVOT jest nowoczesn\u0105 konstrukcj\u0105, s\u0142u\u017c\u0105c\u0105 do wykonywania wymagaj\u0105cych izolacji termicznej i akustycznej okien o pionowej lub poziomej osi obrotu. Okna tego typu przeznaczone s\u0105 do wbudowania w otwory w murze jak i do zamocowania w fasadzie s\u0142upowo-ryglowej, s\u0105 ekonomiczne, a jednocze\u015bnie posiadaj\u0105 dobre w\u0142asno\u015bci u\u017cytkowe.<\/p>\n<\/div>\n<\/div>\n<\/div>\n","protected":false},"featured_media":473,"template":"","meta":[],"product_brand":[],"product_cat":[19,17,36],"product_tag":[],"class_list":{"0":"post-472","1":"product","2":"type-product","3":"status-publish","4":"has-post-thumbnail","6":"product_cat-aluprof","7":"product_cat-systemy-okienno-drzwiowe","8":"product_cat-system-okien-obrotowych-z-izolacja-termiczna","10":"first","11":"instock","12":"shipping-taxable","13":"product-type-simple"},"_links":{"self":[{"href":"https:\/\/www.alufactory.pl\/stolarka\/wp-json\/wp\/v2\/product\/472","targetHints":{"allow":["GET"]}}],"collection":[{"href":"https:\/\/www.alufactory.pl\/stolarka\/wp-json\/wp\/v2\/product"}],"about":[{"href":"https:\/\/www.alufactory.pl\/stolarka\/wp-json\/wp\/v2\/types\/product"}],"wp:featuredmedia":[{"embeddable":true,"href":"https:\/\/www.alufactory.pl\/stolarka\/wp-json\/wp\/v2\/media\/473"}],"wp:attachment":[{"href":"https:\/\/www.alufactory.pl\/stolarka\/wp-json\/wp\/v2\/media?parent=472"}],"wp:term":[{"taxonomy":"product_brand","embeddable":true,"href":"https:\/\/www.alufactory.pl\/stolarka\/wp-json\/wp\/v2\/product_brand?post=472"},{"taxonomy":"product_cat","embeddable":true,"href":"https:\/\/www.alufactory.pl\/stolarka\/wp-json\/wp\/v2\/product_cat?post=472"},{"taxonomy":"product_tag","embeddable":true,"href":"https:\/\/www.alufactory.pl\/stolarka\/wp-json\/wp\/v2\/product_tag?post=472"}],"curies":[{"name":"wp","href":"https:\/\/api.w.org\/{rel}","templated":true}]}}