{"id":481,"date":"2021-12-19T19:34:41","date_gmt":"2021-12-19T19:34:41","guid":{"rendered":"https:\/\/www.alufactory.pl\/stolarka\/?post_type=product&#038;p=481"},"modified":"2021-12-19T19:34:42","modified_gmt":"2021-12-19T19:34:42","slug":"mb-86-fold-line","status":"publish","type":"product","link":"https:\/\/www.alufactory.pl\/stolarka\/produkt\/mb-86-fold-line\/","title":{"rendered":"MB-86 FOLD LINE"},"content":{"rendered":"<p><strong>Cechy i zalety systemu MB-86 FOLD LINE:<\/strong><\/p>\n<ul>\n<li>trzykomorowe, wytrzyma\u0142e kszta\u0142towniki aluminiowe o g\u0142\u0119boko\u015bci konstrukcyjnej: 86 mm dla o\u015bcie\u017cnic i 77 mm dla skrzyde\u0142 drzwi<\/li>\n<li>centralna komora kszta\u0142townik\u00f3w wyposa\u017cona w przek\u0142adki termiczne o szeroko\u015bci 24 mm dla o\u015bcie\u017cnic i 34 mm dla skrzyde\u0142 drzwi, co przek\u0142ada si\u0119 na wysok\u0105 izolacyjno\u015b\u0107 termiczn\u0105 konstrukcji specjalistyczne okucia dedykowane dla systemu MB-86 FOLD LINE, gwarantuj\u0105ce komfortowe funkcjonowanie skrzyde\u0142 drzwi o maksymalnym ci\u0119\u017carze do 100 kg<\/li>\n<li>du\u017ce dopuszczalne gabaryty konstrukcji, pozwalaj\u0105ce na budow\u0119 drzwi o wysoko\u015bci skrzyde\u0142 do 2700 mm oraz szeroko\u015bci do 1000 mm<\/li>\n<li>r\u00f3\u017cne wersje rozwi\u0105za\u0144 progowych: klasyczne &#8211; z uszczelnieniem przymykowym lub wygodne w u\u017cytkowaniu &#8211; z niskim progiem<\/li>\n<li>du\u017cy zakres szklenia od 14 do 61,5 mm, pozwalaj\u0105cy na stosowanie pakiet\u00f3w zar\u00f3wno jedno-, jak i dwukomorowych, w tym tak\u017ce z specjalistycznych: o podwy\u017cszonej izolacyjno\u015bci akustycznej lub odporno\u015bci na w\u0142amanie<\/li>\n<li>znaczny zakres kompatybilno\u015bci konstrukcji systemu MB-86 FOLD LINE ze znanym i cenionym systemem okienno-drzwiowym ALUPROF\u00a0<a href=\"https:\/\/aluprof.eu\/producenci\/oferta\/systemy-okienno-drzwiowe\/mb-86-mb-86st-mb-86si-systemy-okienno-drzwiowiowe-z-izolacja-termiczna-2#wizualizacja\">MB-86<\/a>: \u0142\u0105czenie profili analogiczne jak w MB-86, a tak\u017ce niekt\u00f3re kszta\u0142towniki, uszczelki i akcesoria wsp\u00f3lne dla obu system\u00f3w<\/li>\n<\/ul>\n","protected":false},"excerpt":{"rendered":"<div class=\"headline headline--cert headline--cert-desktop padding--md-top-0\">\n<h2>DRZWI HARMONIJKOWE<\/h2>\n<\/div>\n<div class=\"col__parms\">\n<div class=\"clearfix\">\n<div class=\"block-text text--justify markdown text--size-20 text--xs-size-16\">\n<p>Zewn\u0119trzne drzwi harmonijkowe daj\u0105 du\u017c\u0105 swobod\u0119 u\u017cytkownikom. Mo\u017cna dzi\u0119ki nim w \u0142atwy spos\u00f3b wykorzysta\u0107 sprzyjaj\u0105ce warunki atmosferyczne i niemal dos\u0142ownie zlikwidowa\u0107 barier\u0119 pomi\u0119dzy wn\u0119trzem budynku a jego otoczeniem.<\/p>\n<p>Drzwi takie mog\u0105 zatem stanowi\u0107 doskona\u0142e, szerokie przej\u015bcie z domu na taras albo po\u0142\u0105czenie kawiarni lub restauracji z jej terenem zewn\u0119trznym, wykorzystywanym sezonowo.<\/p>\n<p>System MB-86 FOLD LINE to rozwi\u0105zanie bardzo wygodne w codziennym u\u017cytkowaniu a jednocze\u015bnie posiadaj\u0105ce wysokie parametry techniczne oraz umo\u017cliwiaj\u0105ce wykonywanie konstrukcji o du\u017cych gabarytach. Drzwi harmonijkowe mog\u0105 by\u0107 otwierane zar\u00f3wno na zewn\u0105trz, jak i do wewn\u0105trz budynku, i mog\u0105 mie\u0107 przy tym dowolny uk\u0142ad konfiguracji skrzyde\u0142. To nowoczesny produkt, zaprojektowany z my\u015bl\u0105 o spe\u0142nieniu wysokich wymaga\u0144 u\u017cytkownik\u00f3w, architekt\u00f3w i inwestor\u00f3w.<\/p>\n<\/div>\n<\/div>\n<\/div>\n","protected":false},"featured_media":482,"template":"","meta":[],"product_brand":[],"product_cat":[19,17],"product_tag":[],"class_list":{"0":"post-481","1":"product","2":"type-product","3":"status-publish","4":"has-post-thumbnail","6":"product_cat-aluprof","7":"product_cat-systemy-okienno-drzwiowe","9":"first","10":"instock","11":"shipping-taxable","12":"product-type-simple"},"_links":{"self":[{"href":"https:\/\/www.alufactory.pl\/stolarka\/wp-json\/wp\/v2\/product\/481","targetHints":{"allow":["GET"]}}],"collection":[{"href":"https:\/\/www.alufactory.pl\/stolarka\/wp-json\/wp\/v2\/product"}],"about":[{"href":"https:\/\/www.alufactory.pl\/stolarka\/wp-json\/wp\/v2\/types\/product"}],"wp:featuredmedia":[{"embeddable":true,"href":"https:\/\/www.alufactory.pl\/stolarka\/wp-json\/wp\/v2\/media\/482"}],"wp:attachment":[{"href":"https:\/\/www.alufactory.pl\/stolarka\/wp-json\/wp\/v2\/media?parent=481"}],"wp:term":[{"taxonomy":"product_brand","embeddable":true,"href":"https:\/\/www.alufactory.pl\/stolarka\/wp-json\/wp\/v2\/product_brand?post=481"},{"taxonomy":"product_cat","embeddable":true,"href":"https:\/\/www.alufactory.pl\/stolarka\/wp-json\/wp\/v2\/product_cat?post=481"},{"taxonomy":"product_tag","embeddable":true,"href":"https:\/\/www.alufactory.pl\/stolarka\/wp-json\/wp\/v2\/product_tag?post=481"}],"curies":[{"name":"wp","href":"https:\/\/api.w.org\/{rel}","templated":true}]}}