{"id":67,"date":"2021-11-05T12:23:35","date_gmt":"2021-11-05T12:23:35","guid":{"rendered":"https:\/\/www.alufactory.pl\/stolarka\/?post_type=product&#038;p=67"},"modified":"2022-01-10T12:53:28","modified_gmt":"2022-01-10T12:53:28","slug":"mb-104-passive","status":"publish","type":"product","link":"https:\/\/www.alufactory.pl\/stolarka\/produkt\/mb-104-passive\/","title":{"rendered":"MB-104 PASSIVE"},"content":{"rendered":"<p>System ten s\u0142u\u017cy do wykonywania element\u00f3w architektonicznej zabudowy zewn\u0119trznej, np.: r\u00f3\u017cnych typ\u00f3w okien, drzwi, wiatro\u0142ap\u00f3w, witryn i konstrukcji przestrzennych, kt\u00f3re cechuje, poza doskona\u0142\u0105 izolacj\u0105 termiczn\u0105, r\u00f3wnie\u017c bardzo dobra izolacja akustyczna, szczelno\u015b\u0107 na wod\u0119 i powietrze oraz wysoka wytrzyma\u0142o\u015b\u0107 konstrukcji.<\/p>\n<p>Konstrukcja kszta\u0142townik\u00f3w systemu MB-104 Passive posiada dwa warianty wykonania w zale\u017cno\u015bci od wymaga\u0144 oszcz\u0119dno\u015bci energii cieplnej: SI i AERO<\/p>\n<p>Parametry okien i drzwi wykonanych z element\u00f3w systemu MB-104 Passive przekraczaj\u0105 obecne wymagania najostrzejszych, obowi\u0105zuj\u0105cych przepis\u00f3w i norm, dlatego te\u017c system MB-104 Passive jest systemem dedykowanym do budownictwa energooszcz\u0119dnego i pasywnego.<\/p>\n<div class=\"accordion__title\">\n<div class=\"headline\">\n<h2 class=\"hidden--xs\">ZALETY SYSTEMU MB-104 PASSIVE:<\/h2>\n<\/div>\n<\/div>\n<div class=\"accordion__content\">\n<div class=\"row technical-details\">\n<div class=\"col col--left block-text padding--15 padding--right-50 padding--left-0 padding--xs-right-0 padding--sm-right-0 \">\n<ul>\n<li>okna z certyfikatami Passive House Institute Darmstadt dla wersji MB-104 Passive SI oraz MB-104 Passive Aero<\/li>\n<li>drzwi z certyfikatem Passive House Institute Darmstadt dla wersji MB-104 Passive SI+<\/li>\n<li>wysoka izolacyjno\u015b\u0107 termiczna dla okna otwieranego U<sub>W<\/sub>\u00a0od 0,53 W\/(m<sup>2<\/sup>K) oraz dla drzwi U<sub>D<\/sub>\u00a0od 0,62 W\/(m<sup>2<\/sup>K)<\/li>\n<li>ponadnormatywne parametry szczelno\u015bciowe i izolacyjne<\/li>\n<li>szeroki zakres szklenia do 81 mm<\/li>\n<li>drzwi zewn\u0119trzne dost\u0119pne zar\u00f3wno w wersji przeszklonej, jak i w wersji panelowej \u2013 idealnej jako drzwi wej\u015bciowe do nowoczesnego domu<\/li>\n<\/ul>\n<p>Na bazie systemu MB-104 Passive mo\u017cna tak\u017ce wykonywa\u0107 drzwi panelowe, kt\u00f3re daj\u0105 bogate mo\u017cliwo\u015bci estetyczne i s\u0105 w stanie spe\u0142ni\u0107 oczekiwania najbardziej wymagaj\u0105cych u\u017cytkownik\u00f3w.<\/p>\n<\/div>\n<\/div>\n<\/div>\n","protected":false},"excerpt":{"rendered":"<div class=\"headline headline--cert headline--cert-desktop padding--md-top-0\">\n<h4>SYSTEM OKIENNO-DRZWIOWY O NAJWY\u017bSZEJ IZOLACJI TERMICZNEJ<\/h4>\n<p><img decoding=\"async\" class=\"img-cert\" title=\"Certyfikat\" src=\"https:\/\/aluprof.eu\/app\/default\/assets\/certificates\/phb.jpg?v=1585640153\" alt=\"Certyfikat\" \/><\/p>\n<\/div>\n<div class=\"col__parms\">\n<ul class=\"parms\">\n<li class=\"parms__element\">\n<div class=\"parms__content\">\n<div class=\"parms__title\">U<sub>W<\/sub>\u00a0od 0,53<small>W\/(m<sup>2<\/sup>K)<\/small><\/div>\n<div class=\"parms__title parms--small\">Izolacyjno\u015b\u0107 termiczna dla okna otwieranego<\/div>\n<\/div>\n<\/li>\n<li class=\"parms__element\">\n<div class=\"parms__content\">\n<div class=\"parms__title\">klasa C5\/B5<small>PN-EN 12210:2001<\/small><\/div>\n<div class=\"parms__title parms--small\">Odporno\u015b\u0107 na obci\u0105\u017cenie wiatrem<\/div>\n<\/div>\n<\/li>\n<li class=\"divider\">\n<div class=\"divider__left\"><\/div>\n<div class=\"divider__center\"><\/div>\n<div class=\"divider__right\"><\/div>\n<\/li>\n<li class=\"parms__element\">\n<div class=\"parms__content\">\n<div class=\"parms__title\">klasa AE 1800<small>PN-EN 12208:2001<\/small><\/div>\n<div class=\"parms__title parms--small\">Wodoszczelno\u015b\u0107<\/div>\n<\/div>\n<\/li>\n<li class=\"parms__element\">\n<div class=\"parms__content\">\n<div class=\"parms__title\">klasa 4<small>PN-EN 12207:2001<\/small><\/div>\n<div class=\"parms__title parms--small\">Przepuszczalno\u015b\u0107 powietrza<\/div>\n<\/div>\n<\/li>\n<\/ul>\n<div class=\"clearfix\">\n<div class=\"block-text text--justify markdown text--size-20 text--xs-size-16\">\n<p><strong>System okienno-drzwiowy<\/strong>\u00a0z przegrod\u0105 termiczn\u0105 MB-104 Passive, o najwy\u017cszej izolacyjno\u015bci termicznej, spe\u0142nia wszelkie wymagania stawiane elementom stosowanym w budownictwie pasywnym.<\/p>\n<\/div>\n<\/div>\n<\/div>\n","protected":false},"featured_media":68,"template":"","meta":[],"product_brand":[],"product_cat":[27,17,31],"product_tag":[],"class_list":{"0":"post-67","1":"product","2":"type-product","3":"status-publish","4":"has-post-thumbnail","6":"product_cat-ogrody-zimowe","7":"product_cat-systemy-okienno-drzwiowe","8":"product_cat-system-okienno-drzwiowy-o-najwyzszej-izolacji-termicznej","10":"first","11":"instock","12":"shipping-taxable","13":"product-type-simple"},"_links":{"self":[{"href":"https:\/\/www.alufactory.pl\/stolarka\/wp-json\/wp\/v2\/product\/67","targetHints":{"allow":["GET"]}}],"collection":[{"href":"https:\/\/www.alufactory.pl\/stolarka\/wp-json\/wp\/v2\/product"}],"about":[{"href":"https:\/\/www.alufactory.pl\/stolarka\/wp-json\/wp\/v2\/types\/product"}],"wp:featuredmedia":[{"embeddable":true,"href":"https:\/\/www.alufactory.pl\/stolarka\/wp-json\/wp\/v2\/media\/68"}],"wp:attachment":[{"href":"https:\/\/www.alufactory.pl\/stolarka\/wp-json\/wp\/v2\/media?parent=67"}],"wp:term":[{"taxonomy":"product_brand","embeddable":true,"href":"https:\/\/www.alufactory.pl\/stolarka\/wp-json\/wp\/v2\/product_brand?post=67"},{"taxonomy":"product_cat","embeddable":true,"href":"https:\/\/www.alufactory.pl\/stolarka\/wp-json\/wp\/v2\/product_cat?post=67"},{"taxonomy":"product_tag","embeddable":true,"href":"https:\/\/www.alufactory.pl\/stolarka\/wp-json\/wp\/v2\/product_tag?post=67"}],"curies":[{"name":"wp","href":"https:\/\/api.w.org\/{rel}","templated":true}]}}