{"id":91,"date":"2021-11-05T12:45:12","date_gmt":"2021-11-05T12:45:12","guid":{"rendered":"https:\/\/www.alufactory.pl\/stolarka\/?post_type=product&#038;p=91"},"modified":"2022-01-10T12:52:50","modified_gmt":"2022-01-10T12:52:50","slug":"mb-86us-st-si","status":"publish","type":"product","link":"https:\/\/www.alufactory.pl\/stolarka\/produkt\/mb-86us-st-si\/","title":{"rendered":"MB-86US ST, SI"},"content":{"rendered":"<p>Charakterystyczn\u0105 cech\u0105 konstrukcji jest jej wygl\u0105d: profil skrzyd\u0142a jest ukryty za profilem o\u015bcie\u017cnicy, a powierzchnie szyb montowanych w polach otwieranych i sta\u0142ych le\u017c\u0105 na jednej p\u0142aszczy\u017anie. Dzi\u0119ki temu kwatery otwierane i sta\u0142e od strony zewn\u0119trznej wygl\u0105daj\u0105 identycznie.<\/p>\n<p>G\u0142\u0119boko\u015b\u0107 kszta\u0142townik\u00f3w okna wynosi: 77 mm (o\u015bcie\u017cnica), 80,8 mm (skrzyd\u0142o). Szeroko\u015b\u0107 ram okien w widoku od strony zewn\u0119trznej zabudowy jest niewielka, dzi\u0119ki czemu powierzchnia przeszklenia i ilo\u015b\u0107 wpadaj\u0105cego przez nie \u015bwiat\u0142a jest maksymalnie powi\u0119kszona, a konstrukcja stwarza wra\u017cenie smuk\u0142ej i lekkiej. Zakres grubo\u015bci mo\u017cliwych do zastosowania szyb wynosi: w o\u015bcie\u017cnicy okna &#8211; od 7 do 52 mm, a w skrzydle okna &#8211; od 15 do 60 mm. Tak szeroki zakres szklenia pozwala na monta\u017c wszystkich spotykanych na rynku typ\u00f3w szk\u0142a dwu- lub trzykomorowego, szyb akustycznych lub antyw\u0142amaniowych.<\/p>\n<p>Pod wzgl\u0119dem w\u0142a\u015bciwo\u015bci technicznych system MB-86US spe\u0142nia wszelkie wymogi dotycz\u0105ce oszcz\u0119dzania energii i ochrony \u015brodowiska. Konstrukcja podobnie jak w systemie bazowym\u00a0<a href=\"https:\/\/aluprof.eu\/producenci\/oferta\/systemy-okienno-drzwiowe\/mb-86-mb-86st-mb-86si-systemy-okienno-drzwiowiowe-z-izolacja-termiczna-2#wizualizacja\">MB-86<\/a>\u00a0posiada w zale\u017cno\u015bci od wymaga\u0144 izolacyjno\u015bci termicznej trzy warianty wykonania: MB-86US ST, MB-86US SI oraz MB-86US AERO z zastosowaniem nowoczesnych wk\u0142ad\u00f3w izolacyjnych z aero\u017celu.<\/p>\n<p>System daje du\u017ce mo\u017cliwo\u015bci w zakresie wykonywanych konstrukcji: maksymalne gabaryty skrzyde\u0142 okien przekraczaj\u0105 warto\u015bci uznawane za standardowe dla tego typu konstrukcji. Hs max=2,5 m, Ls max=1,6 m. Maksymalny ci\u0119\u017car skrzyd\u0142a to 150 kg.<\/p>\n<div class=\"accordion__title\">\n<div class=\"headline\">\n<h2 class=\"hidden--xs\">PARAMETRY TECHNICZNE:<\/h2>\n<\/div>\n<\/div>\n<div class=\"accordion__content\">\n<div class=\"row technical-details\">\n<div class=\"col col--left block-text padding--15 padding--right-50 padding--left-0 padding--xs-right-0 padding--sm-right-0 \">\n<ul>\n<li>Przepuszczalno\u015b\u0107 powietrza: klasa 4, PN-EN 12207:2001<\/li>\n<li>Wodoszczelno\u015b\u0107: klasa E1350, PN-EN 12208:2001<\/li>\n<li>Odporno\u015b\u0107 na obci\u0105\u017cenie wiatrem: do klasy C5\/B5, PN-EN 12210:2001<\/li>\n<li>Izolacyjno\u015b\u0107 termiczna od 0,86 W\/(m<sup>2<\/sup>K)<\/li>\n<\/ul>\n<\/div>\n<\/div>\n<\/div>\n","protected":false},"excerpt":{"rendered":"<div class=\"headline headline--cert headline--cert-desktop padding--md-top-0\">\n<h2>OKNO Z UKRYTYM SKRZYD\u0141EM<\/h2>\n<\/div>\n<div class=\"col__parms\">\n<ul class=\"parms\">\n<li class=\"parms__element\">\n<div class=\"parms__content\">\n<div class=\"parms__title\">od 0,86<small>W\/(m<sup>2<\/sup>K)<\/small><\/div>\n<div class=\"parms__title parms--small\">Izolacyjno\u015b\u0107 termiczna<\/div>\n<\/div>\n<\/li>\n<li class=\"parms__element\">\n<div class=\"parms__content\">\n<div class=\"parms__title\">klasa 4<small>PN-EN 12207:2001<\/small><\/div>\n<div class=\"parms__title parms--small\">Przepuszczalno\u015b\u0107 powietrza<\/div>\n<\/div>\n<\/li>\n<li class=\"divider\">\n<div class=\"divider__left\"><\/div>\n<div class=\"divider__center\"><\/div>\n<div class=\"divider__right\"><\/div>\n<\/li>\n<li class=\"parms__element\">\n<div class=\"parms__content\">\n<div class=\"parms__title\">klasa E1350<small>PN-EN 12208:2001<\/small><\/div>\n<div class=\"parms__title parms--small\">Wodoszczelno\u015b\u0107<\/div>\n<\/div>\n<\/li>\n<li class=\"parms__element\">\n<div class=\"parms__content\">\n<div class=\"parms__title\">do klasy C5\/B5<small>PN-EN 12210:2001<\/small><\/div>\n<div class=\"parms__title parms--small\">Obci\u0105\u017cenie wiatrem<\/div>\n<\/div>\n<\/li>\n<\/ul>\n<div class=\"clearfix\">\n<div class=\"block-text text--justify markdown text--size-20 text--xs-size-16\">\n<p>System MB-86US s\u0142u\u017cy do wykonywania r\u00f3\u017cnych typ\u00f3w okien, drzwi balkonowych, wiatro\u0142ap\u00f3w, witryn i konstrukcji przestrzennych, kt\u00f3re cechuje bardzo dobra izolacja termiczna i akustyczna oraz wysoka szczelno\u015b\u0107 na wod\u0119 i powietrze.<\/p>\n<\/div>\n<\/div>\n<\/div>\n","protected":false},"featured_media":92,"template":"","meta":[],"product_brand":[],"product_cat":[19,17,33],"product_tag":[],"class_list":{"0":"post-91","1":"product","2":"type-product","3":"status-publish","4":"has-post-thumbnail","6":"product_cat-aluprof","7":"product_cat-systemy-okienno-drzwiowe","8":"product_cat-okno-z-ukrytym-skrzydlem","10":"first","11":"instock","12":"shipping-taxable","13":"product-type-simple"},"_links":{"self":[{"href":"https:\/\/www.alufactory.pl\/stolarka\/wp-json\/wp\/v2\/product\/91","targetHints":{"allow":["GET"]}}],"collection":[{"href":"https:\/\/www.alufactory.pl\/stolarka\/wp-json\/wp\/v2\/product"}],"about":[{"href":"https:\/\/www.alufactory.pl\/stolarka\/wp-json\/wp\/v2\/types\/product"}],"wp:featuredmedia":[{"embeddable":true,"href":"https:\/\/www.alufactory.pl\/stolarka\/wp-json\/wp\/v2\/media\/92"}],"wp:attachment":[{"href":"https:\/\/www.alufactory.pl\/stolarka\/wp-json\/wp\/v2\/media?parent=91"}],"wp:term":[{"taxonomy":"product_brand","embeddable":true,"href":"https:\/\/www.alufactory.pl\/stolarka\/wp-json\/wp\/v2\/product_brand?post=91"},{"taxonomy":"product_cat","embeddable":true,"href":"https:\/\/www.alufactory.pl\/stolarka\/wp-json\/wp\/v2\/product_cat?post=91"},{"taxonomy":"product_tag","embeddable":true,"href":"https:\/\/www.alufactory.pl\/stolarka\/wp-json\/wp\/v2\/product_tag?post=91"}],"curies":[{"name":"wp","href":"https:\/\/api.w.org\/{rel}","templated":true}]}}